{"id":11891,"date":"2021-02-17T10:02:48","date_gmt":"2021-02-17T09:02:48","guid":{"rendered":"https:\/\/www.morganpark.de\/shop\/?post_type=product&#038;p=11891"},"modified":"2026-03-01T16:23:10","modified_gmt":"2026-03-01T15:23:10","slug":"geldboerse-leder-braun","status":"publish","type":"product","link":"https:\/\/www.morganpark.de\/shop\/produkt\/geldboerse-leder-braun\/","title":{"rendered":"Geldb\u00f6rse Leder braun"},"content":{"rendered":"<p>Morgan Geldb\u00f6rse aus braunem Leder. <\/p>\n<p>Diese Geldb\u00f6rse besitzt drei Kreditkartenf\u00e4cher und ein M\u00fcnzfach.<\/p>\n<p>Auf der Au\u00dfenseite befindet sich die &#8222;Morgan&#8220;-Skript Pr\u00e4gung, auf der Innenseite das &#8222;Morgan Wings&#8220; Logo. <\/p>\n<p>Die Geldb\u00f6rse wird in einer mit Samt ausgekleideten Geschenkschachtel geliefert. <\/p>\n<p>Abmessungen: Breite ca. 10,5cm (geschlossen) \/ ca. 21,0cm (ge\u00f6ffnet), H\u00f6he ca. 9,5cm<\/p>\n<p><em>Bei diesem Artikel handelt es sich um Original Morgan Zubeh\u00f6r.<\/em><\/p>\n<p>&nbsp;<\/p>\n<p>&nbsp;<\/p>\n","protected":false},"excerpt":{"rendered":"<p>Morgan Geldb\u00f6rse aus braunem Leder. <\/p>\n<p>Diese Geldb\u00f6rse besitzt drei Kreditkartenf\u00e4cher und ein M\u00fcnzfach.<\/p>\n<p>Auf der Au\u00dfenseite befindet sich die &#8222;Morgan&#8220;-Skript Pr\u00e4gung, auf der Innenseite das &#8222;Morgan Wings&#8220; Logo. <\/p>\n<p>Die Geldb\u00f6rse wird in einer mit Samt ausgekleideten Geschenkschachtel geliefert. <\/p>\n<p>Abmessungen: Breite ca. 10,5cm (geschlossen) \/ ca. 21,0cm (ge\u00f6ffnet), H\u00f6he ca. 9,5cm<\/p>\n<p><em>Bei diesem Artikel handelt es sich um Original Morgan Zubeh\u00f6r.<\/em><\/p>\n<p>&nbsp;<\/p>\n<p>&nbsp;<\/p>\n","protected":false},"featured_media":33546,"comment_status":"open","ping_status":"closed","template":"","meta":[],"product_brand":[],"product_cat":[23,257],"product_tag":[258,24,77,259],"class_list":{"0":"post-11891","1":"product","2":"type-product","3":"status-publish","4":"has-post-thumbnail","6":"product_cat-accessoires","7":"product_cat-geldboersen","8":"product_tag-geldboerse","9":"product_tag-morgan","10":"product_tag-original-morgan","11":"product_tag-portemonnaie","13":"first","14":"outofstock","15":"taxable","16":"shipping-taxable","17":"purchasable","18":"product-type-simple"},"_links":{"self":[{"href":"https:\/\/www.morganpark.de\/shop\/wp-json\/wp\/v2\/product\/11891","targetHints":{"allow":["GET"]}}],"collection":[{"href":"https:\/\/www.morganpark.de\/shop\/wp-json\/wp\/v2\/product"}],"about":[{"href":"https:\/\/www.morganpark.de\/shop\/wp-json\/wp\/v2\/types\/product"}],"replies":[{"embeddable":true,"href":"https:\/\/www.morganpark.de\/shop\/wp-json\/wp\/v2\/comments?post=11891"}],"wp:featuredmedia":[{"embeddable":true,"href":"https:\/\/www.morganpark.de\/shop\/wp-json\/wp\/v2\/media\/33546"}],"wp:attachment":[{"href":"https:\/\/www.morganpark.de\/shop\/wp-json\/wp\/v2\/media?parent=11891"}],"wp:term":[{"taxonomy":"product_brand","embeddable":true,"href":"https:\/\/www.morganpark.de\/shop\/wp-json\/wp\/v2\/product_brand?post=11891"},{"taxonomy":"product_cat","embeddable":true,"href":"https:\/\/www.morganpark.de\/shop\/wp-json\/wp\/v2\/product_cat?post=11891"},{"taxonomy":"product_tag","embeddable":true,"href":"https:\/\/www.morganpark.de\/shop\/wp-json\/wp\/v2\/product_tag?post=11891"}],"curies":[{"name":"wp","href":"https:\/\/api.w.org\/{rel}","templated":true}]}}