{"id":1367,"date":"2020-01-17T16:04:19","date_gmt":"2020-01-17T15:04:19","guid":{"rendered":"https:\/\/www.morganpark.de\/shop\/?post_type=product&#038;p=1367"},"modified":"2025-08-30T20:00:41","modified_gmt":"2025-08-30T18:00:41","slug":"badge-wales","status":"publish","type":"product","link":"https:\/\/www.morganpark.de\/shop\/produkt\/badge-wales\/","title":{"rendered":"Badge &#8222;Wales&#8220;"},"content":{"rendered":"<p>Edelstahl &#8222;Wales&#8220; Badge in der Gr\u00f6\u00dfe ca. 111mm (H\u00f6he) x ca. 92mm (Breite).<\/p>\n<p>Zur Montage des Badges an einer Badge Bar (Abzeichenstange) wird ein Badge Clip ben\u00f6tigt. <\/p>\n<p>&nbsp;<\/p>\n<p>&nbsp;<\/p>\n","protected":false},"excerpt":{"rendered":"<p>Edelstahl &#8222;Wales&#8220; Badge in der Gr\u00f6\u00dfe ca. 111mm (H\u00f6he) x ca. 92mm (Breite).<\/p>\n<p>Zur Montage des Badges an einer Badge Bar (Abzeichenstange) wird ein Badge Clip ben\u00f6tigt. <\/p>\n<p>&nbsp;<\/p>\n<p>&nbsp;<\/p>\n","protected":false},"featured_media":1368,"comment_status":"closed","ping_status":"closed","template":"","meta":[],"product_brand":[],"product_cat":[109,107],"product_tag":[111,24,154],"class_list":{"0":"post-1367","1":"product","2":"type-product","3":"status-publish","4":"has-post-thumbnail","6":"product_cat-badge","7":"product_cat-badges","8":"product_tag-badge","9":"product_tag-morgan","10":"product_tag-wales","12":"first","13":"outofstock","14":"taxable","15":"shipping-taxable","16":"purchasable","17":"product-type-simple"},"_links":{"self":[{"href":"https:\/\/www.morganpark.de\/shop\/wp-json\/wp\/v2\/product\/1367","targetHints":{"allow":["GET"]}}],"collection":[{"href":"https:\/\/www.morganpark.de\/shop\/wp-json\/wp\/v2\/product"}],"about":[{"href":"https:\/\/www.morganpark.de\/shop\/wp-json\/wp\/v2\/types\/product"}],"replies":[{"embeddable":true,"href":"https:\/\/www.morganpark.de\/shop\/wp-json\/wp\/v2\/comments?post=1367"}],"wp:featuredmedia":[{"embeddable":true,"href":"https:\/\/www.morganpark.de\/shop\/wp-json\/wp\/v2\/media\/1368"}],"wp:attachment":[{"href":"https:\/\/www.morganpark.de\/shop\/wp-json\/wp\/v2\/media?parent=1367"}],"wp:term":[{"taxonomy":"product_brand","embeddable":true,"href":"https:\/\/www.morganpark.de\/shop\/wp-json\/wp\/v2\/product_brand?post=1367"},{"taxonomy":"product_cat","embeddable":true,"href":"https:\/\/www.morganpark.de\/shop\/wp-json\/wp\/v2\/product_cat?post=1367"},{"taxonomy":"product_tag","embeddable":true,"href":"https:\/\/www.morganpark.de\/shop\/wp-json\/wp\/v2\/product_tag?post=1367"}],"curies":[{"name":"wp","href":"https:\/\/api.w.org\/{rel}","templated":true}]}}