{"id":1373,"date":"2020-01-17T16:24:41","date_gmt":"2020-01-17T15:24:41","guid":{"rendered":"https:\/\/www.morganpark.de\/shop\/?post_type=product&#038;p=1373"},"modified":"2024-10-17T12:45:19","modified_gmt":"2024-10-17T10:45:19","slug":"kupfer-lederhammer","status":"publish","type":"product","link":"https:\/\/www.morganpark.de\/shop\/produkt\/kupfer-lederhammer\/","title":{"rendered":"Kupfer-\/Lederhammer"},"content":{"rendered":"<p>Der THOR Kupfer-\/Lederhammer ist das stilvolle Werkzeug zum L\u00f6sen und Befestigen f\u00fcr die Fl\u00fcgelmuttern von Speichenr\u00e4dern. <\/p>\n<p>&nbsp;<\/p>\n<p>&nbsp;<\/p>\n","protected":false},"excerpt":{"rendered":"<p>Der THOR Kupfer-\/Lederhammer ist das stilvolle Werkzeug zum L\u00f6sen und Befestigen f\u00fcr die Fl\u00fcgelmuttern von Speichenr\u00e4dern. <\/p>\n<p>&nbsp;<\/p>\n<p>&nbsp;<\/p>\n","protected":false},"featured_media":1374,"comment_status":"closed","ping_status":"closed","template":"","meta":[],"product_brand":[],"product_cat":[173,180],"product_tag":[156,24,77,152],"class_list":{"0":"post-1373","1":"product","2":"type-product","3":"status-publish","4":"has-post-thumbnail","6":"product_cat-raeder-zubehoer","7":"product_cat-werkzeuge","8":"product_tag-hammer","9":"product_tag-morgan","10":"product_tag-original-morgan","11":"product_tag-zentralmuttern","13":"first","14":"instock","15":"taxable","16":"shipping-taxable","17":"purchasable","18":"product-type-simple"},"_links":{"self":[{"href":"https:\/\/www.morganpark.de\/shop\/wp-json\/wp\/v2\/product\/1373","targetHints":{"allow":["GET"]}}],"collection":[{"href":"https:\/\/www.morganpark.de\/shop\/wp-json\/wp\/v2\/product"}],"about":[{"href":"https:\/\/www.morganpark.de\/shop\/wp-json\/wp\/v2\/types\/product"}],"replies":[{"embeddable":true,"href":"https:\/\/www.morganpark.de\/shop\/wp-json\/wp\/v2\/comments?post=1373"}],"wp:featuredmedia":[{"embeddable":true,"href":"https:\/\/www.morganpark.de\/shop\/wp-json\/wp\/v2\/media\/1374"}],"wp:attachment":[{"href":"https:\/\/www.morganpark.de\/shop\/wp-json\/wp\/v2\/media?parent=1373"}],"wp:term":[{"taxonomy":"product_brand","embeddable":true,"href":"https:\/\/www.morganpark.de\/shop\/wp-json\/wp\/v2\/product_brand?post=1373"},{"taxonomy":"product_cat","embeddable":true,"href":"https:\/\/www.morganpark.de\/shop\/wp-json\/wp\/v2\/product_cat?post=1373"},{"taxonomy":"product_tag","embeddable":true,"href":"https:\/\/www.morganpark.de\/shop\/wp-json\/wp\/v2\/product_tag?post=1373"}],"curies":[{"name":"wp","href":"https:\/\/api.w.org\/{rel}","templated":true}]}}