{"id":18780,"date":"2021-11-02T14:52:03","date_gmt":"2021-11-02T13:52:03","guid":{"rendered":"https:\/\/www.morganpark.de\/shop\/?post_type=product&#038;p=18780"},"modified":"2022-12-19T11:09:20","modified_gmt":"2022-12-19T10:09:20","slug":"gepaeckbruecke-mph-mit-hinterer-badge-bar-morgan-plus-four-mit-reserverad-und-speichenraedern","status":"publish","type":"product","link":"https:\/\/www.morganpark.de\/shop\/produkt\/gepaeckbruecke-mph-mit-hinterer-badge-bar-morgan-plus-four-mit-reserverad-und-speichenraedern\/","title":{"rendered":"Gep\u00e4ckbr\u00fccke mit Badge Bar (Morgan Plus Four mit Reserverad und Speichenr\u00e4dern)"},"content":{"rendered":"<p>Morgan Park Gep\u00e4ckbr\u00fccke mit hinterer Badge Bar f\u00fcr Morgan Plus Four mit Reserverad und Speichenr\u00e4dern.<\/p>\n<p>Zu unserer Gep\u00e4ckbr\u00fcckenl\u00f6sung liefern wir einen Haltersatz mit Distanzst\u00fcck, mit der die Gep\u00e4ckbr\u00fccke an der werksseitig montierten Vorbereitung befestigt wird. <\/p>\n<p>Die Gep\u00e4ckbr\u00fccke hat eine Breite von ca. 80cm. <\/p>\n<p>Die Badge Bar wird zwischen den Haltern befestigt. Der Durchmesser des Rohres wurde so gew\u00e4hlt, dass sie sowohl optisch zur Gep\u00e4ckbr\u00fccke passt also auch die problemlose Montage von Badge Clips und Badges aus unserem Angebot erm\u00f6glicht. <\/p>\n<p>&nbsp;<\/p>\n<p>&nbsp;<\/p>\n","protected":false},"excerpt":{"rendered":"<p>Morgan Park Gep\u00e4ckbr\u00fccke mit hinterer Badge Bar f\u00fcr Morgan Plus Four mit Reserverad und Speichenr\u00e4dern.<\/p>\n<p>Zu unserer Gep\u00e4ckbr\u00fcckenl\u00f6sung liefern wir einen Haltersatz mit Distanzst\u00fcck, mit der die Gep\u00e4ckbr\u00fccke an der werksseitig montierten Vorbereitung befestigt wird. <\/p>\n<p>Die Gep\u00e4ckbr\u00fccke hat eine Breite von ca. 80cm. <\/p>\n<p>Die Badge Bar wird zwischen den Haltern befestigt. Der Durchmesser des Rohres wurde so gew\u00e4hlt, dass sie sowohl optisch zur Gep\u00e4ckbr\u00fccke passt also auch die problemlose Montage von Badge Clips und Badges aus unserem Angebot erm\u00f6glicht. <\/p>\n<p>&nbsp;<\/p>\n<p>&nbsp;<\/p>\n","protected":false},"featured_media":18784,"comment_status":"closed","ping_status":"closed","template":"","meta":[],"product_brand":[],"product_cat":[285,287,282],"product_tag":[283,288,289,24,260],"class_list":{"0":"post-18780","1":"product","2":"type-product","3":"status-publish","4":"has-post-thumbnail","6":"product_cat-exterieur-cx","7":"product_cat-gepaeckbruecken-cx","8":"product_cat-zubehoer-nur-cx-modelle-plus-six-plus-four","9":"product_tag-cx-modelle","10":"product_tag-gepaeckbruecke","11":"product_tag-hintere-badge-bar","12":"product_tag-morgan","13":"product_tag-plus-four","15":"first","16":"instock","17":"taxable","18":"shipping-taxable","19":"purchasable","20":"product-type-simple"},"_links":{"self":[{"href":"https:\/\/www.morganpark.de\/shop\/wp-json\/wp\/v2\/product\/18780","targetHints":{"allow":["GET"]}}],"collection":[{"href":"https:\/\/www.morganpark.de\/shop\/wp-json\/wp\/v2\/product"}],"about":[{"href":"https:\/\/www.morganpark.de\/shop\/wp-json\/wp\/v2\/types\/product"}],"replies":[{"embeddable":true,"href":"https:\/\/www.morganpark.de\/shop\/wp-json\/wp\/v2\/comments?post=18780"}],"wp:featuredmedia":[{"embeddable":true,"href":"https:\/\/www.morganpark.de\/shop\/wp-json\/wp\/v2\/media\/18784"}],"wp:attachment":[{"href":"https:\/\/www.morganpark.de\/shop\/wp-json\/wp\/v2\/media?parent=18780"}],"wp:term":[{"taxonomy":"product_brand","embeddable":true,"href":"https:\/\/www.morganpark.de\/shop\/wp-json\/wp\/v2\/product_brand?post=18780"},{"taxonomy":"product_cat","embeddable":true,"href":"https:\/\/www.morganpark.de\/shop\/wp-json\/wp\/v2\/product_cat?post=18780"},{"taxonomy":"product_tag","embeddable":true,"href":"https:\/\/www.morganpark.de\/shop\/wp-json\/wp\/v2\/product_tag?post=18780"}],"curies":[{"name":"wp","href":"https:\/\/api.w.org\/{rel}","templated":true}]}}