{"id":192,"date":"2018-01-23T16:22:16","date_gmt":"2018-01-23T15:22:16","guid":{"rendered":"http:\/\/www.morganpark.de\/shop\/?post_type=product&#038;p=192"},"modified":"2025-08-26T11:36:20","modified_gmt":"2025-08-26T09:36:20","slug":"edelstahl-tueraufsteller-ab-1997","status":"publish","type":"product","link":"https:\/\/www.morganpark.de\/shop\/produkt\/edelstahl-tueraufsteller-ab-1997\/","title":{"rendered":"T\u00fcraufsteller (ab Bj. 1997)"},"content":{"rendered":"<p>T\u00fcraufsteller aus poliertem Edelstahl f\u00fcr traditionelle Modelle ab 1997. <\/p>\n<p>Sinnvolles und h\u00fcbsches Upgrade zu den werksseitig verbauten Leder-T\u00fcrfangb\u00e4ndern.<\/p>\n<p>Hinweis: Wir k\u00f6nnen Ihnen auch T\u00fcraufsteller f\u00fcr traditionelle Modelle vor 1997 sowie f\u00fcr Morgan Plus 4.8 Modelle liefern.<\/p>\n","protected":false},"excerpt":{"rendered":"<p>T\u00fcraufsteller aus poliertem Edelstahl f\u00fcr traditionelle Modelle ab 1997. <\/p>\n<p>Sinnvolles und h\u00fcbsches Upgrade zu den werksseitig verbauten Leder-T\u00fcrfangb\u00e4ndern.<\/p>\n<p>Hinweis: Wir k\u00f6nnen Ihnen auch T\u00fcraufsteller f\u00fcr traditionelle Modelle vor 1997 sowie f\u00fcr Morgan Plus 4.8 Modelle liefern.<\/p>\n","protected":false},"featured_media":194,"comment_status":"closed","ping_status":"closed","template":"","meta":[],"product_brand":[],"product_cat":[41,205],"product_tag":[24,42],"class_list":{"0":"post-192","1":"product","2":"type-product","3":"status-publish","4":"has-post-thumbnail","6":"product_cat-interieur","7":"product_cat-tueraufsteller","8":"product_tag-morgan","9":"product_tag-tueraufsteller","11":"first","12":"instock","13":"taxable","14":"shipping-taxable","15":"purchasable","16":"product-type-simple"},"_links":{"self":[{"href":"https:\/\/www.morganpark.de\/shop\/wp-json\/wp\/v2\/product\/192","targetHints":{"allow":["GET"]}}],"collection":[{"href":"https:\/\/www.morganpark.de\/shop\/wp-json\/wp\/v2\/product"}],"about":[{"href":"https:\/\/www.morganpark.de\/shop\/wp-json\/wp\/v2\/types\/product"}],"replies":[{"embeddable":true,"href":"https:\/\/www.morganpark.de\/shop\/wp-json\/wp\/v2\/comments?post=192"}],"wp:featuredmedia":[{"embeddable":true,"href":"https:\/\/www.morganpark.de\/shop\/wp-json\/wp\/v2\/media\/194"}],"wp:attachment":[{"href":"https:\/\/www.morganpark.de\/shop\/wp-json\/wp\/v2\/media?parent=192"}],"wp:term":[{"taxonomy":"product_brand","embeddable":true,"href":"https:\/\/www.morganpark.de\/shop\/wp-json\/wp\/v2\/product_brand?post=192"},{"taxonomy":"product_cat","embeddable":true,"href":"https:\/\/www.morganpark.de\/shop\/wp-json\/wp\/v2\/product_cat?post=192"},{"taxonomy":"product_tag","embeddable":true,"href":"https:\/\/www.morganpark.de\/shop\/wp-json\/wp\/v2\/product_tag?post=192"}],"curies":[{"name":"wp","href":"https:\/\/api.w.org\/{rel}","templated":true}]}}