{"id":1972,"date":"2020-02-10T11:15:06","date_gmt":"2020-02-10T10:15:06","guid":{"rendered":"https:\/\/www.morganpark.de\/shop\/?post_type=product&#038;p=1972"},"modified":"2025-02-07T13:04:06","modified_gmt":"2025-02-07T12:04:06","slug":"jaguar-xk140-style-innenspiegel","status":"publish","type":"product","link":"https:\/\/www.morganpark.de\/shop\/produkt\/jaguar-xk140-style-innenspiegel\/","title":{"rendered":"&#8222;Jaguar XK140&#8220; Style Innenspiegel"},"content":{"rendered":"<p>Verchromter &#8222;Jaguar XK140&#8220; Style Innenspiegel. <\/p>\n<p>&nbsp;<\/p>\n<p>Der Spiegelkopf ist in der H\u00f6he einstellbar. Der Spiegelkopf ist dabei leicht nach vorne geneigt und hat eine Gr\u00f6\u00dfe von ca. 10,5 cm x 4,5 cm. Der Lochabstand betr\u00e4gt ca. 3,5 cm.<\/p>\n<p>&nbsp;<\/p>\n","protected":false},"excerpt":{"rendered":"<p>Verchromter &#8222;Jaguar XK140&#8220; Style Innenspiegel. <\/p>\n<p>&nbsp;<\/p>\n<p>Der Spiegelkopf ist in der H\u00f6he einstellbar. Der Spiegelkopf ist dabei leicht nach vorne geneigt und hat eine Gr\u00f6\u00dfe von ca. 10,5 cm x 4,5 cm. Der Lochabstand betr\u00e4gt ca. 3,5 cm.<\/p>\n<p>&nbsp;<\/p>\n","protected":false},"featured_media":1973,"comment_status":"closed","ping_status":"closed","template":"","meta":[],"product_brand":[],"product_cat":[200,41],"product_tag":[95,24],"class_list":{"0":"post-1972","1":"product","2":"type-product","3":"status-publish","4":"has-post-thumbnail","6":"product_cat-innenspiegel","7":"product_cat-interieur","8":"product_tag-innenspiegel","9":"product_tag-morgan","11":"first","12":"instock","13":"taxable","14":"shipping-taxable","15":"purchasable","16":"product-type-simple"},"_links":{"self":[{"href":"https:\/\/www.morganpark.de\/shop\/wp-json\/wp\/v2\/product\/1972","targetHints":{"allow":["GET"]}}],"collection":[{"href":"https:\/\/www.morganpark.de\/shop\/wp-json\/wp\/v2\/product"}],"about":[{"href":"https:\/\/www.morganpark.de\/shop\/wp-json\/wp\/v2\/types\/product"}],"replies":[{"embeddable":true,"href":"https:\/\/www.morganpark.de\/shop\/wp-json\/wp\/v2\/comments?post=1972"}],"wp:featuredmedia":[{"embeddable":true,"href":"https:\/\/www.morganpark.de\/shop\/wp-json\/wp\/v2\/media\/1973"}],"wp:attachment":[{"href":"https:\/\/www.morganpark.de\/shop\/wp-json\/wp\/v2\/media?parent=1972"}],"wp:term":[{"taxonomy":"product_brand","embeddable":true,"href":"https:\/\/www.morganpark.de\/shop\/wp-json\/wp\/v2\/product_brand?post=1972"},{"taxonomy":"product_cat","embeddable":true,"href":"https:\/\/www.morganpark.de\/shop\/wp-json\/wp\/v2\/product_cat?post=1972"},{"taxonomy":"product_tag","embeddable":true,"href":"https:\/\/www.morganpark.de\/shop\/wp-json\/wp\/v2\/product_tag?post=1972"}],"curies":[{"name":"wp","href":"https:\/\/api.w.org\/{rel}","templated":true}]}}