{"id":22358,"date":"2022-03-22T16:44:43","date_gmt":"2022-03-22T15:44:43","guid":{"rendered":"https:\/\/www.morganpark.de\/shop\/?post_type=product&#038;p=22358"},"modified":"2025-08-01T12:56:03","modified_gmt":"2025-08-01T10:56:03","slug":"thermo-trinkflasche-morgan-schwarz","status":"publish","type":"product","link":"https:\/\/www.morganpark.de\/shop\/produkt\/thermo-trinkflasche-morgan-schwarz\/","title":{"rendered":"Thermo-Trinkflasche Morgan schwarz"},"content":{"rendered":"<p>Morgan \u2013 Schlanke &#038; Stilvolle Thermo-Trinkflaschen<br \/>\nBleib stilvoll erfrischt mit den schlanken und stilvollen Thermo-Trinkflaschen von Morgan. BPA-frei, hochwertig und nachf\u00fcllbar \u2013 sie sind sowohl f\u00fcr deine Gesundheit als auch f\u00fcr die Umwelt gemacht. Mit einem gro\u00dfz\u00fcgigen Fassungsverm\u00f6gen von 700 ml halten sie deine Getr\u00e4nke bis zu 8 Stunden k\u00fchl oder bis zu 4 Stunden warm \u2013 ideal f\u00fcr unterwegs.<\/em><\/p>\n<p>&nbsp;<\/p>\n<p>&nbsp;<\/p>\n","protected":false},"excerpt":{"rendered":"<p>Morgan \u2013 Schlanke &#038; Stilvolle Thermo-Trinkflaschen<br \/> Bleib stilvoll erfrischt mit den schlanken und stilvollen Thermo-Trinkflaschen von Morgan. BPA-frei, hochwertig und nachf\u00fcllbar \u2013 sie sind sowohl f\u00fcr deine Gesundheit als auch f\u00fcr die Umwelt gemacht. Mit einem gro\u00dfz\u00fcgigen Fassungsverm\u00f6gen von 700 ml halten sie deine Getr\u00e4nke bis zu 8 Stunden k\u00fchl oder bis zu 4 Stunden warm \u2013 ideal f\u00fcr unterwegs.<\/p>\n<p>&nbsp;<\/p>\n<p>&nbsp;<\/p>\n","protected":false},"featured_media":33598,"comment_status":"open","ping_status":"closed","template":"","meta":[],"product_brand":[],"product_cat":[23,214],"product_tag":[24,77,268,267],"class_list":{"0":"post-22358","1":"product","2":"type-product","3":"status-publish","4":"has-post-thumbnail","6":"product_cat-accessoires","7":"product_cat-becher-trinkflaschen","8":"product_tag-morgan","9":"product_tag-original-morgan","10":"product_tag-thermo-trinkflasche","11":"product_tag-trinkflasche","13":"first","14":"outofstock","15":"taxable","16":"shipping-taxable","17":"purchasable","18":"product-type-simple"},"_links":{"self":[{"href":"https:\/\/www.morganpark.de\/shop\/wp-json\/wp\/v2\/product\/22358","targetHints":{"allow":["GET"]}}],"collection":[{"href":"https:\/\/www.morganpark.de\/shop\/wp-json\/wp\/v2\/product"}],"about":[{"href":"https:\/\/www.morganpark.de\/shop\/wp-json\/wp\/v2\/types\/product"}],"replies":[{"embeddable":true,"href":"https:\/\/www.morganpark.de\/shop\/wp-json\/wp\/v2\/comments?post=22358"}],"wp:featuredmedia":[{"embeddable":true,"href":"https:\/\/www.morganpark.de\/shop\/wp-json\/wp\/v2\/media\/33598"}],"wp:attachment":[{"href":"https:\/\/www.morganpark.de\/shop\/wp-json\/wp\/v2\/media?parent=22358"}],"wp:term":[{"taxonomy":"product_brand","embeddable":true,"href":"https:\/\/www.morganpark.de\/shop\/wp-json\/wp\/v2\/product_brand?post=22358"},{"taxonomy":"product_cat","embeddable":true,"href":"https:\/\/www.morganpark.de\/shop\/wp-json\/wp\/v2\/product_cat?post=22358"},{"taxonomy":"product_tag","embeddable":true,"href":"https:\/\/www.morganpark.de\/shop\/wp-json\/wp\/v2\/product_tag?post=22358"}],"curies":[{"name":"wp","href":"https:\/\/api.w.org\/{rel}","templated":true}]}}