{"id":22585,"date":"2022-03-30T11:29:52","date_gmt":"2022-03-30T09:29:52","guid":{"rendered":"https:\/\/www.morganpark.de\/shop\/?post_type=product&#038;p=22585"},"modified":"2026-03-25T15:19:10","modified_gmt":"2026-03-25T14:19:10","slug":"t-shirt-tok-258-gruen-groesse-xl","status":"publish","type":"product","link":"https:\/\/www.morganpark.de\/shop\/produkt\/t-shirt-tok-258-gruen-groesse-xl\/","title":{"rendered":"T-Shirt TOK 258 (gr\u00fcn\/Gr\u00f6\u00dfe XL)"},"content":{"rendered":"<p>Morgan Le Mans T-Shirt, Farbe gr\u00fcn, Gr\u00f6\u00dfe XL.<\/p>\n<p>In 1962 fuhren Christopher Lawrence und sein Beifahrer Richard Shepperd-Baron mit TOK 258 zum Sieg in der Zweiliter-Klasse bei den &#8222;24 Heures du Mans&#8220;. <\/p>\n<p>Knapp 60 Jahre sp\u00e4ter feiert die Morgan Motor Company dieses gro\u00dfartige St\u00fcck Automobilgeschichte mit diesem ganz besonderem T-Shirt Design. <\/p>\n<p><em>Bei diesem Artikel handelt es sich um Original Morgan Zubeh\u00f6r.<\/em><\/p>\n<p>&nbsp;<\/p>\n<p>&nbsp;<\/p>\n","protected":false},"excerpt":{"rendered":"<p>Morgan Le Mans T-Shirt, Farbe gr\u00fcn, Gr\u00f6\u00dfe XL.<\/p>\n<p>In 1962 fuhren Christopher Lawrence und sein Beifahrer Richard Shepperd-Baron mit TOK 258 zum Sieg in der Zweiliter-Klasse bei den &#8222;24 Heures du Mans&#8220;. <\/p>\n<p>Knapp 60 Jahre sp\u00e4ter feiert die Morgan Motor Company dieses gro\u00dfartige St\u00fcck Automobilgeschichte mit diesem ganz besonderem T-Shirt Design. <\/p>\n<p><em>Bei diesem Artikel handelt es sich um Original Morgan Zubeh\u00f6r.<\/em><\/p>\n<p>&nbsp;<\/p>\n<p>&nbsp;<\/p>\n","protected":false},"featured_media":22582,"comment_status":"closed","ping_status":"closed","template":"","meta":[],"product_brand":[],"product_cat":[22,297],"product_tag":[300,24,77,298,299],"class_list":{"0":"post-22585","1":"product","2":"type-product","3":"status-publish","4":"has-post-thumbnail","6":"product_cat-bekleidung","7":"product_cat-t-shirts","8":"product_tag-le-mans","9":"product_tag-morgan","10":"product_tag-original-morgan","11":"product_tag-t-shirts","12":"product_tag-tok-258","14":"first","15":"instock","16":"taxable","17":"shipping-taxable","18":"purchasable","19":"product-type-simple"},"_links":{"self":[{"href":"https:\/\/www.morganpark.de\/shop\/wp-json\/wp\/v2\/product\/22585","targetHints":{"allow":["GET"]}}],"collection":[{"href":"https:\/\/www.morganpark.de\/shop\/wp-json\/wp\/v2\/product"}],"about":[{"href":"https:\/\/www.morganpark.de\/shop\/wp-json\/wp\/v2\/types\/product"}],"replies":[{"embeddable":true,"href":"https:\/\/www.morganpark.de\/shop\/wp-json\/wp\/v2\/comments?post=22585"}],"wp:featuredmedia":[{"embeddable":true,"href":"https:\/\/www.morganpark.de\/shop\/wp-json\/wp\/v2\/media\/22582"}],"wp:attachment":[{"href":"https:\/\/www.morganpark.de\/shop\/wp-json\/wp\/v2\/media?parent=22585"}],"wp:term":[{"taxonomy":"product_brand","embeddable":true,"href":"https:\/\/www.morganpark.de\/shop\/wp-json\/wp\/v2\/product_brand?post=22585"},{"taxonomy":"product_cat","embeddable":true,"href":"https:\/\/www.morganpark.de\/shop\/wp-json\/wp\/v2\/product_cat?post=22585"},{"taxonomy":"product_tag","embeddable":true,"href":"https:\/\/www.morganpark.de\/shop\/wp-json\/wp\/v2\/product_tag?post=22585"}],"curies":[{"name":"wp","href":"https:\/\/api.w.org\/{rel}","templated":true}]}}