{"id":22590,"date":"2022-03-30T11:47:27","date_gmt":"2022-03-30T09:47:27","guid":{"rendered":"https:\/\/www.morganpark.de\/shop\/?post_type=product&#038;p=22590"},"modified":"2022-12-19T11:07:22","modified_gmt":"2022-12-19T10:07:22","slug":"t-shirt-plus-four-schwarz-groesse-xl","status":"publish","type":"product","link":"https:\/\/www.morganpark.de\/shop\/produkt\/t-shirt-plus-four-schwarz-groesse-xl\/","title":{"rendered":"T-Shirt PLUS FOUR (schwarz\/Gr\u00f6\u00dfe XL)"},"content":{"rendered":"<p>Morgan T-Shirt PLUS FOUR, Farbe schwarz, Gr\u00f6\u00dfe XL.<\/p>\n<p>Ein T-Shirt f\u00fcr die Fans oder Besitzer des Morgan Plus Four. Dezentes Branding f\u00fcr maximale Wirkung in einer klassischen Farbgebung. Dieses T-Shirt ist aus umweltbewusstem Stoff gefertigt, aber trotzdem robust genug, um immer wieder getragen zu werden. Must-Have im Kleiderschrank.<\/p>\n<p><em>Bei diesem Artikel handelt es sich um Original Morgan Zubeh\u00f6r.<\/em><\/p>\n<p>&nbsp;<\/p>\n<p>&nbsp;<\/p>\n","protected":false},"excerpt":{"rendered":"<p>Morgan T-Shirt PLUS FOUR, Farbe schwarz, Gr\u00f6\u00dfe XL.<\/p>\n<p>Ein T-Shirt f\u00fcr die Fans oder Besitzer des Morgan Plus Four. Dezentes Branding f\u00fcr maximale Wirkung in einer klassischen Farbgebung. Dieses T-Shirt ist aus umweltbewusstem Stoff gefertigt, aber trotzdem robust genug, um immer wieder getragen zu werden. Must-Have im Kleiderschrank.<\/p>\n<p><em>Bei diesem Artikel handelt es sich um Original Morgan Zubeh\u00f6r.<\/em><\/p>\n<p>&nbsp;<\/p>\n<p>&nbsp;<\/p>\n","protected":false},"featured_media":22588,"comment_status":"closed","ping_status":"closed","template":"","meta":[],"product_brand":[],"product_cat":[22,297],"product_tag":[24,77,260,298],"class_list":{"0":"post-22590","1":"product","2":"type-product","3":"status-publish","4":"has-post-thumbnail","6":"product_cat-bekleidung","7":"product_cat-t-shirts","8":"product_tag-morgan","9":"product_tag-original-morgan","10":"product_tag-plus-four","11":"product_tag-t-shirts","13":"first","14":"instock","15":"taxable","16":"shipping-taxable","17":"purchasable","18":"product-type-simple"},"_links":{"self":[{"href":"https:\/\/www.morganpark.de\/shop\/wp-json\/wp\/v2\/product\/22590","targetHints":{"allow":["GET"]}}],"collection":[{"href":"https:\/\/www.morganpark.de\/shop\/wp-json\/wp\/v2\/product"}],"about":[{"href":"https:\/\/www.morganpark.de\/shop\/wp-json\/wp\/v2\/types\/product"}],"replies":[{"embeddable":true,"href":"https:\/\/www.morganpark.de\/shop\/wp-json\/wp\/v2\/comments?post=22590"}],"wp:featuredmedia":[{"embeddable":true,"href":"https:\/\/www.morganpark.de\/shop\/wp-json\/wp\/v2\/media\/22588"}],"wp:attachment":[{"href":"https:\/\/www.morganpark.de\/shop\/wp-json\/wp\/v2\/media?parent=22590"}],"wp:term":[{"taxonomy":"product_brand","embeddable":true,"href":"https:\/\/www.morganpark.de\/shop\/wp-json\/wp\/v2\/product_brand?post=22590"},{"taxonomy":"product_cat","embeddable":true,"href":"https:\/\/www.morganpark.de\/shop\/wp-json\/wp\/v2\/product_cat?post=22590"},{"taxonomy":"product_tag","embeddable":true,"href":"https:\/\/www.morganpark.de\/shop\/wp-json\/wp\/v2\/product_tag?post=22590"}],"curies":[{"name":"wp","href":"https:\/\/api.w.org\/{rel}","templated":true}]}}