{"id":22764,"date":"2022-04-06T13:19:01","date_gmt":"2022-04-06T11:19:01","guid":{"rendered":"https:\/\/www.morganpark.de\/shop\/?post_type=product&#038;p=22764"},"modified":"2023-01-25T12:23:30","modified_gmt":"2023-01-25T11:23:30","slug":"satz-3-wischerblaetter-classic-range-7","status":"publish","type":"product","link":"https:\/\/www.morganpark.de\/shop\/produkt\/satz-3-wischerblaetter-classic-range-7\/","title":{"rendered":"Satz (3) Wischerbl\u00e4tter Classic Range 7&#8243;"},"content":{"rendered":"<p>Satz (3 St\u00fcck) Wischerbl\u00e4tter Classic Range 7&#8243; (L\u00e4nge ca. 17,8cm) in verbesserter Ausf\u00fchrung als Ersatz f\u00fcr Werksausf\u00fchrung.<\/p>\n<p>Passend f\u00fcr alle 2-Sitzer ab ca. 2004 bis ca. 2019 und alle 4-Sitzer ab ca. 1970 bis ca. 2019 der Classic Range Modelle.<\/p>\n<p>&nbsp;<\/p>\n<p>&nbsp;<\/p>\n","protected":false},"excerpt":{"rendered":"<p>Satz (3 St\u00fcck) Wischerbl\u00e4tter Classic Range 7&#8243; (L\u00e4nge ca. 17,8cm) in verbesserter Ausf\u00fchrung als Ersatz f\u00fcr Werksausf\u00fchrung.<\/p>\n<p>Passend f\u00fcr alle 2-Sitzer ab ca. 2004 bis ca. 2019 und alle 4-Sitzer ab ca. 1970 bis ca. 2019 der Classic Range Modelle.<\/p>\n<p>&nbsp;<\/p>\n<p>&nbsp;<\/p>\n","protected":false},"featured_media":22765,"comment_status":"closed","ping_status":"closed","template":"","meta":[],"product_brand":[],"product_cat":[59,301],"product_tag":[24,303,302],"class_list":{"0":"post-22764","1":"product","2":"type-product","3":"status-publish","4":"has-post-thumbnail","6":"product_cat-exterieur","7":"product_cat-wischerblaetter","8":"product_tag-morgan","9":"product_tag-wischerblatt","10":"product_tag-wischerblaetter","12":"first","13":"instock","14":"taxable","15":"shipping-taxable","16":"purchasable","17":"product-type-simple"},"_links":{"self":[{"href":"https:\/\/www.morganpark.de\/shop\/wp-json\/wp\/v2\/product\/22764","targetHints":{"allow":["GET"]}}],"collection":[{"href":"https:\/\/www.morganpark.de\/shop\/wp-json\/wp\/v2\/product"}],"about":[{"href":"https:\/\/www.morganpark.de\/shop\/wp-json\/wp\/v2\/types\/product"}],"replies":[{"embeddable":true,"href":"https:\/\/www.morganpark.de\/shop\/wp-json\/wp\/v2\/comments?post=22764"}],"wp:featuredmedia":[{"embeddable":true,"href":"https:\/\/www.morganpark.de\/shop\/wp-json\/wp\/v2\/media\/22765"}],"wp:attachment":[{"href":"https:\/\/www.morganpark.de\/shop\/wp-json\/wp\/v2\/media?parent=22764"}],"wp:term":[{"taxonomy":"product_brand","embeddable":true,"href":"https:\/\/www.morganpark.de\/shop\/wp-json\/wp\/v2\/product_brand?post=22764"},{"taxonomy":"product_cat","embeddable":true,"href":"https:\/\/www.morganpark.de\/shop\/wp-json\/wp\/v2\/product_cat?post=22764"},{"taxonomy":"product_tag","embeddable":true,"href":"https:\/\/www.morganpark.de\/shop\/wp-json\/wp\/v2\/product_tag?post=22764"}],"curies":[{"name":"wp","href":"https:\/\/api.w.org\/{rel}","templated":true}]}}