{"id":267,"date":"2018-02-02T16:34:59","date_gmt":"2018-02-02T15:34:59","guid":{"rendered":"http:\/\/www.morganpark.de\/shop\/?post_type=product&#038;p=267"},"modified":"2024-10-18T14:27:53","modified_gmt":"2024-10-18T12:27:53","slug":"sidelight-klein","status":"publish","type":"product","link":"https:\/\/www.morganpark.de\/shop\/produkt\/sidelight-klein\/","title":{"rendered":"Sidelight klein"},"content":{"rendered":"<p>Sidelight (Positionsleuchte) f\u00fcr die Kotfl\u00fcgelmontage in kleiner Ausf\u00fchrung.<\/p>\n<p>&nbsp;<\/p>\n","protected":false},"excerpt":{"rendered":"<p>Sidelight (Positionsleuchte) f\u00fcr die Kotfl\u00fcgelmontage in kleiner Ausf\u00fchrung.<\/p>\n<p>&nbsp;<\/p>\n","protected":false},"featured_media":268,"comment_status":"open","ping_status":"closed","template":"","meta":[],"product_brand":[],"product_cat":[175,59],"product_tag":[24,61,60],"class_list":{"0":"post-267","1":"product","2":"type-product","3":"status-publish","4":"has-post-thumbnail","6":"product_cat-beleuchtung","7":"product_cat-exterieur","8":"product_tag-morgan","9":"product_tag-positionsleuchte","10":"product_tag-sidelight","12":"first","13":"instock","14":"taxable","15":"shipping-taxable","16":"purchasable","17":"product-type-simple"},"_links":{"self":[{"href":"https:\/\/www.morganpark.de\/shop\/wp-json\/wp\/v2\/product\/267","targetHints":{"allow":["GET"]}}],"collection":[{"href":"https:\/\/www.morganpark.de\/shop\/wp-json\/wp\/v2\/product"}],"about":[{"href":"https:\/\/www.morganpark.de\/shop\/wp-json\/wp\/v2\/types\/product"}],"replies":[{"embeddable":true,"href":"https:\/\/www.morganpark.de\/shop\/wp-json\/wp\/v2\/comments?post=267"}],"wp:featuredmedia":[{"embeddable":true,"href":"https:\/\/www.morganpark.de\/shop\/wp-json\/wp\/v2\/media\/268"}],"wp:attachment":[{"href":"https:\/\/www.morganpark.de\/shop\/wp-json\/wp\/v2\/media?parent=267"}],"wp:term":[{"taxonomy":"product_brand","embeddable":true,"href":"https:\/\/www.morganpark.de\/shop\/wp-json\/wp\/v2\/product_brand?post=267"},{"taxonomy":"product_cat","embeddable":true,"href":"https:\/\/www.morganpark.de\/shop\/wp-json\/wp\/v2\/product_cat?post=267"},{"taxonomy":"product_tag","embeddable":true,"href":"https:\/\/www.morganpark.de\/shop\/wp-json\/wp\/v2\/product_tag?post=267"}],"curies":[{"name":"wp","href":"https:\/\/api.w.org\/{rel}","templated":true}]}}