{"id":29903,"date":"2023-01-02T14:23:37","date_gmt":"2023-01-02T13:23:37","guid":{"rendered":"https:\/\/www.morganpark.de\/shop\/?post_type=product&#038;p=29903"},"modified":"2026-04-29T10:42:59","modified_gmt":"2026-04-29T08:42:59","slug":"ledertasche-braun-medium-harry","status":"publish","type":"product","link":"https:\/\/www.morganpark.de\/shop\/produkt\/ledertasche-braun-medium-harry\/","title":{"rendered":"Ledertasche braun medium (Harry Haldall)"},"content":{"rendered":"<p>Braune Ledertasche mit eingen\u00e4htem Morgan Logo in der Ausf\u00fchrung Harry Haldall und der Gr\u00f6\u00dfe medium.<\/p>\n<p>Im Lieferumfang enthalten ist ein separater Schultergurt, ein Gep\u00e4ckanh\u00e4nger und eine Staubschutzh\u00fclle.<\/p>\n<p>Zwei dieser Taschen passen nebeneinander hinter die Sitze.<\/p>\n<p><em>Bei diesem Artikel handelt es sich um Original Morgan Zubeh\u00f6r.<\/em><\/p>\n<p>&nbsp;<\/p>\n","protected":false},"excerpt":{"rendered":"<p>Braune Ledertasche mit eingen\u00e4htem Morgan Logo in der Ausf\u00fchrung Harry Haldall und der Gr\u00f6\u00dfe medium.<\/p>\n<p>Im Lieferumfang enthalten ist ein separater Schultergurt, ein Gep\u00e4ckanh\u00e4nger und eine Staubschutzh\u00fclle.<\/p>\n<p>Zwei dieser Taschen passen nebeneinander hinter die Sitze.<\/p>\n<p><em>Bei diesem Artikel handelt es sich um Original Morgan Zubeh\u00f6r.<\/em><\/p>\n<p>&nbsp;<\/p>\n","protected":false},"featured_media":29906,"comment_status":"closed","ping_status":"closed","template":"","meta":[],"product_brand":[],"product_cat":[23,209],"product_tag":[81,72,120,24,77],"class_list":{"0":"post-29903","1":"product","2":"type-product","3":"status-publish","4":"has-post-thumbnail","6":"product_cat-accessoires","7":"product_cat-taschen","8":"product_tag-braun","9":"product_tag-leder","10":"product_tag-ledertasche","11":"product_tag-morgan","12":"product_tag-original-morgan","14":"first","15":"outofstock","16":"taxable","17":"shipping-taxable","18":"purchasable","19":"product-type-simple"},"_links":{"self":[{"href":"https:\/\/www.morganpark.de\/shop\/wp-json\/wp\/v2\/product\/29903","targetHints":{"allow":["GET"]}}],"collection":[{"href":"https:\/\/www.morganpark.de\/shop\/wp-json\/wp\/v2\/product"}],"about":[{"href":"https:\/\/www.morganpark.de\/shop\/wp-json\/wp\/v2\/types\/product"}],"replies":[{"embeddable":true,"href":"https:\/\/www.morganpark.de\/shop\/wp-json\/wp\/v2\/comments?post=29903"}],"wp:featuredmedia":[{"embeddable":true,"href":"https:\/\/www.morganpark.de\/shop\/wp-json\/wp\/v2\/media\/29906"}],"wp:attachment":[{"href":"https:\/\/www.morganpark.de\/shop\/wp-json\/wp\/v2\/media?parent=29903"}],"wp:term":[{"taxonomy":"product_brand","embeddable":true,"href":"https:\/\/www.morganpark.de\/shop\/wp-json\/wp\/v2\/product_brand?post=29903"},{"taxonomy":"product_cat","embeddable":true,"href":"https:\/\/www.morganpark.de\/shop\/wp-json\/wp\/v2\/product_cat?post=29903"},{"taxonomy":"product_tag","embeddable":true,"href":"https:\/\/www.morganpark.de\/shop\/wp-json\/wp\/v2\/product_tag?post=29903"}],"curies":[{"name":"wp","href":"https:\/\/api.w.org\/{rel}","templated":true}]}}