{"id":30492,"date":"2023-01-26T15:54:51","date_gmt":"2023-01-26T14:54:51","guid":{"rendered":"https:\/\/www.morganpark.de\/shop\/?post_type=product&#038;p=30492"},"modified":"2025-07-09T11:11:54","modified_gmt":"2025-07-09T09:11:54","slug":"morgan-socken-blau","status":"publish","type":"product","link":"https:\/\/www.morganpark.de\/shop\/produkt\/morgan-socken-blau\/","title":{"rendered":"Morgan Herren Socken (blau)"},"content":{"rendered":"<p>Morgan Herren Socken in der Hauptfarbe blau mit 3-Wheeler Modell.<\/p>\n<p>UK Gr\u00f6\u00dfe 7-11 (enspricht ca. Gr\u00f6\u00dfe 40,5-46). Material: 75% Baumwolle, 23% Nylon, 2% Elastan.<\/p>\n<p><em>Bei diesem Artikel handelt es sich um Original Morgan Zubeh\u00f6r.<\/em><\/p>\n<p>&nbsp;<\/p>\n<p>&nbsp;<\/p>\n","protected":false},"excerpt":{"rendered":"<p>Morgan Herren Socken in der Hauptfarbe blau mit 3-Wheeler Modell.<\/p>\n<p>UK Gr\u00f6\u00dfe 7-11 (enspricht ca. Gr\u00f6\u00dfe 40,5-46). Material: 75% Baumwolle, 23% Nylon, 2% Elastan.<\/p>\n<p><em>Bei diesem Artikel handelt es sich um Original Morgan Zubeh\u00f6r.<\/em><\/p>\n<p>&nbsp;<\/p>\n<p>&nbsp;<\/p>\n","protected":false},"featured_media":30592,"comment_status":"closed","ping_status":"closed","template":"","meta":[],"product_brand":[],"product_cat":[22,167],"product_tag":[24,77,124],"class_list":{"0":"post-30492","1":"product","2":"type-product","3":"status-publish","4":"has-post-thumbnail","6":"product_cat-bekleidung","7":"product_cat-socken","8":"product_tag-morgan","9":"product_tag-original-morgan","10":"product_tag-socken","12":"first","13":"outofstock","14":"taxable","15":"shipping-taxable","16":"purchasable","17":"product-type-simple"},"_links":{"self":[{"href":"https:\/\/www.morganpark.de\/shop\/wp-json\/wp\/v2\/product\/30492","targetHints":{"allow":["GET"]}}],"collection":[{"href":"https:\/\/www.morganpark.de\/shop\/wp-json\/wp\/v2\/product"}],"about":[{"href":"https:\/\/www.morganpark.de\/shop\/wp-json\/wp\/v2\/types\/product"}],"replies":[{"embeddable":true,"href":"https:\/\/www.morganpark.de\/shop\/wp-json\/wp\/v2\/comments?post=30492"}],"wp:featuredmedia":[{"embeddable":true,"href":"https:\/\/www.morganpark.de\/shop\/wp-json\/wp\/v2\/media\/30592"}],"wp:attachment":[{"href":"https:\/\/www.morganpark.de\/shop\/wp-json\/wp\/v2\/media?parent=30492"}],"wp:term":[{"taxonomy":"product_brand","embeddable":true,"href":"https:\/\/www.morganpark.de\/shop\/wp-json\/wp\/v2\/product_brand?post=30492"},{"taxonomy":"product_cat","embeddable":true,"href":"https:\/\/www.morganpark.de\/shop\/wp-json\/wp\/v2\/product_cat?post=30492"},{"taxonomy":"product_tag","embeddable":true,"href":"https:\/\/www.morganpark.de\/shop\/wp-json\/wp\/v2\/product_tag?post=30492"}],"curies":[{"name":"wp","href":"https:\/\/api.w.org\/{rel}","templated":true}]}}