{"id":30773,"date":"2023-02-06T10:09:47","date_gmt":"2023-02-06T09:09:47","guid":{"rendered":"https:\/\/www.morganpark.de\/shop\/?post_type=product&#038;p=30773"},"modified":"2026-03-25T15:22:44","modified_gmt":"2026-03-25T14:22:44","slug":"ersatzlinse-fuer-sidelight-gross","status":"publish","type":"product","link":"https:\/\/www.morganpark.de\/shop\/produkt\/ersatzlinse-fuer-sidelight-gross\/","title":{"rendered":"Ersatzlinse f\u00fcr Sidelight gro\u00df"},"content":{"rendered":"<p>Ersatzlinse aus Kunststoff f\u00fcr gro\u00dfes Sidelight (Positionsleuchte).<\/p>\n<p>&nbsp;<\/p>\n<p>&nbsp;<\/p>\n","protected":false},"excerpt":{"rendered":"<p>Ersatzlinse aus Kunststoff f\u00fcr gro\u00dfes Sidelight (Positionsleuchte).<\/p>\n<p>&nbsp;<\/p>\n<p>&nbsp;<\/p>\n","protected":false},"featured_media":30774,"comment_status":"closed","ping_status":"closed","template":"","meta":[],"product_brand":[],"product_cat":[175,59],"product_tag":[24,61,60],"class_list":{"0":"post-30773","1":"product","2":"type-product","3":"status-publish","4":"has-post-thumbnail","6":"product_cat-beleuchtung","7":"product_cat-exterieur","8":"product_tag-morgan","9":"product_tag-positionsleuchte","10":"product_tag-sidelight","12":"first","13":"instock","14":"taxable","15":"shipping-taxable","16":"purchasable","17":"product-type-simple"},"_links":{"self":[{"href":"https:\/\/www.morganpark.de\/shop\/wp-json\/wp\/v2\/product\/30773","targetHints":{"allow":["GET"]}}],"collection":[{"href":"https:\/\/www.morganpark.de\/shop\/wp-json\/wp\/v2\/product"}],"about":[{"href":"https:\/\/www.morganpark.de\/shop\/wp-json\/wp\/v2\/types\/product"}],"replies":[{"embeddable":true,"href":"https:\/\/www.morganpark.de\/shop\/wp-json\/wp\/v2\/comments?post=30773"}],"wp:featuredmedia":[{"embeddable":true,"href":"https:\/\/www.morganpark.de\/shop\/wp-json\/wp\/v2\/media\/30774"}],"wp:attachment":[{"href":"https:\/\/www.morganpark.de\/shop\/wp-json\/wp\/v2\/media?parent=30773"}],"wp:term":[{"taxonomy":"product_brand","embeddable":true,"href":"https:\/\/www.morganpark.de\/shop\/wp-json\/wp\/v2\/product_brand?post=30773"},{"taxonomy":"product_cat","embeddable":true,"href":"https:\/\/www.morganpark.de\/shop\/wp-json\/wp\/v2\/product_cat?post=30773"},{"taxonomy":"product_tag","embeddable":true,"href":"https:\/\/www.morganpark.de\/shop\/wp-json\/wp\/v2\/product_tag?post=30773"}],"curies":[{"name":"wp","href":"https:\/\/api.w.org\/{rel}","templated":true}]}}