{"id":31799,"date":"2023-03-16T10:48:20","date_gmt":"2023-03-16T09:48:20","guid":{"rendered":"https:\/\/www.morganpark.de\/shop\/?post_type=product&#038;p=31799"},"modified":"2023-04-12T14:01:06","modified_gmt":"2023-04-12T12:01:06","slug":"sonnenblenden-knoepfverdeck-bis-ca-2004","status":"publish","type":"product","link":"https:\/\/www.morganpark.de\/shop\/produkt\/sonnenblenden-knoepfverdeck-bis-ca-2004\/","title":{"rendered":"Sonnenblenden (Kn\u00f6pfverdeck, bis ca. 2004)"},"content":{"rendered":"<p>Satz (2 St\u00fcck) Sonnenblenden in der Farbe &#8222;smoke&#8220;. Auf dem Bild wirken die Sonnenblenden fast schwarz, in der Realit\u00e4t sind sie eher dunkel get\u00f6nt.<\/p>\n<p>Die Sonnenblenden werden mit Klammern am oberen Frontscheibenrahmen befestigt. Das Kn\u00f6pfverdeck l\u00e4sst sich auch bei montierten Sonnenblenden befestigen. Der Satz besteht aus zwei Sonnenblenden inklusive Montagematerial.<\/p>\n<p>&nbsp;<\/p>\n<p>&nbsp;<\/p>\n","protected":false},"excerpt":{"rendered":"<p>Satz (2 St\u00fcck) Sonnenblenden in der Farbe &#8222;smoke&#8220;. Auf dem Bild wirken die Sonnenblenden fast schwarz, in der Realit\u00e4t sind sie eher dunkel get\u00f6nt.<\/p>\n<p>Die Sonnenblenden werden mit Klammern am oberen Frontscheibenrahmen befestigt. Das Kn\u00f6pfverdeck l\u00e4sst sich auch bei montierten Sonnenblenden befestigen. Der Satz besteht aus zwei Sonnenblenden inklusive Montagematerial.<\/p>\n<p>&nbsp;<\/p>\n<p>&nbsp;<\/p>\n","protected":false},"featured_media":31800,"comment_status":"closed","ping_status":"closed","template":"","meta":[],"product_brand":[],"product_cat":[41,341],"product_tag":[24,342],"class_list":{"0":"post-31799","1":"product","2":"type-product","3":"status-publish","4":"has-post-thumbnail","6":"product_cat-interieur","7":"product_cat-sonnenblenden","8":"product_tag-morgan","9":"product_tag-sonnenblenden","11":"first","12":"instock","13":"taxable","14":"shipping-taxable","15":"purchasable","16":"product-type-simple"},"_links":{"self":[{"href":"https:\/\/www.morganpark.de\/shop\/wp-json\/wp\/v2\/product\/31799","targetHints":{"allow":["GET"]}}],"collection":[{"href":"https:\/\/www.morganpark.de\/shop\/wp-json\/wp\/v2\/product"}],"about":[{"href":"https:\/\/www.morganpark.de\/shop\/wp-json\/wp\/v2\/types\/product"}],"replies":[{"embeddable":true,"href":"https:\/\/www.morganpark.de\/shop\/wp-json\/wp\/v2\/comments?post=31799"}],"wp:featuredmedia":[{"embeddable":true,"href":"https:\/\/www.morganpark.de\/shop\/wp-json\/wp\/v2\/media\/31800"}],"wp:attachment":[{"href":"https:\/\/www.morganpark.de\/shop\/wp-json\/wp\/v2\/media?parent=31799"}],"wp:term":[{"taxonomy":"product_brand","embeddable":true,"href":"https:\/\/www.morganpark.de\/shop\/wp-json\/wp\/v2\/product_brand?post=31799"},{"taxonomy":"product_cat","embeddable":true,"href":"https:\/\/www.morganpark.de\/shop\/wp-json\/wp\/v2\/product_cat?post=31799"},{"taxonomy":"product_tag","embeddable":true,"href":"https:\/\/www.morganpark.de\/shop\/wp-json\/wp\/v2\/product_tag?post=31799"}],"curies":[{"name":"wp","href":"https:\/\/api.w.org\/{rel}","templated":true}]}}