{"id":31808,"date":"2023-03-16T12:04:55","date_gmt":"2023-03-16T11:04:55","guid":{"rendered":"https:\/\/www.morganpark.de\/shop\/?post_type=product&#038;p=31808"},"modified":"2025-12-15T17:07:07","modified_gmt":"2025-12-15T16:07:07","slug":"lueftungsschlitz-abdeckungen-edelstahl-1974-6-1997","status":"publish","type":"product","link":"https:\/\/www.morganpark.de\/shop\/produkt\/lueftungsschlitz-abdeckungen-edelstahl-1974-6-1997\/","title":{"rendered":"L\u00fcftungsschlitz-Abdeckungen, Edelstahl (1974-6\/1997)"},"content":{"rendered":"<p>Paar (2 St\u00fcck) L\u00fcftungsschlitz-Abdeckungen (Gebl\u00e4se) aus Edelstahl f\u00fcr Classic Range Modelle der Baujahre von ca. 1974 bis ca. 06\/1997. <\/p>\n<p>&nbsp;<\/p>\n<p>&nbsp;<\/p>\n","protected":false},"excerpt":{"rendered":"<p>Paar (2 St\u00fcck) L\u00fcftungsschlitz-Abdeckungen (Gebl\u00e4se) aus Edelstahl f\u00fcr Classic Range Modelle der Baujahre von ca. 1974 bis ca. 06\/1997. <\/p>\n<p>&nbsp;<\/p>\n<p>&nbsp;<\/p>\n","protected":false},"featured_media":31810,"comment_status":"closed","ping_status":"closed","template":"","meta":[],"product_brand":[],"product_cat":[41,343],"product_tag":[344,24],"class_list":{"0":"post-31808","1":"product","2":"type-product","3":"status-publish","4":"has-post-thumbnail","6":"product_cat-interieur","7":"product_cat-lueftungsschlitz-abdeckungen","8":"product_tag-lueftungsschlitze","9":"product_tag-morgan","11":"first","12":"outofstock","13":"taxable","14":"shipping-taxable","15":"purchasable","16":"product-type-simple"},"_links":{"self":[{"href":"https:\/\/www.morganpark.de\/shop\/wp-json\/wp\/v2\/product\/31808","targetHints":{"allow":["GET"]}}],"collection":[{"href":"https:\/\/www.morganpark.de\/shop\/wp-json\/wp\/v2\/product"}],"about":[{"href":"https:\/\/www.morganpark.de\/shop\/wp-json\/wp\/v2\/types\/product"}],"replies":[{"embeddable":true,"href":"https:\/\/www.morganpark.de\/shop\/wp-json\/wp\/v2\/comments?post=31808"}],"wp:featuredmedia":[{"embeddable":true,"href":"https:\/\/www.morganpark.de\/shop\/wp-json\/wp\/v2\/media\/31810"}],"wp:attachment":[{"href":"https:\/\/www.morganpark.de\/shop\/wp-json\/wp\/v2\/media?parent=31808"}],"wp:term":[{"taxonomy":"product_brand","embeddable":true,"href":"https:\/\/www.morganpark.de\/shop\/wp-json\/wp\/v2\/product_brand?post=31808"},{"taxonomy":"product_cat","embeddable":true,"href":"https:\/\/www.morganpark.de\/shop\/wp-json\/wp\/v2\/product_cat?post=31808"},{"taxonomy":"product_tag","embeddable":true,"href":"https:\/\/www.morganpark.de\/shop\/wp-json\/wp\/v2\/product_tag?post=31808"}],"curies":[{"name":"wp","href":"https:\/\/api.w.org\/{rel}","templated":true}]}}