{"id":328,"date":"2018-03-06T08:16:05","date_gmt":"2018-03-06T07:16:05","guid":{"rendered":"http:\/\/www.morganpark.de\/shop\/?post_type=product&#038;p=328"},"modified":"2025-07-14T16:10:17","modified_gmt":"2025-07-14T14:10:17","slug":"teddybaer-schluesselanhaenger","status":"publish","type":"product","link":"https:\/\/www.morganpark.de\/shop\/produkt\/teddybaer-schluesselanhaenger\/","title":{"rendered":"Schl\u00fcsselanh\u00e4nger Flieger Teddyb\u00e4r"},"content":{"rendered":"<p>Morgan Teddyb\u00e4r Schl\u00fcsselanh\u00e4nger. Stilecht mit Fliegerjacke, Kappe und Brille. T-Shirt mit Morgan-Schwinge. Die Gr\u00f6\u00dfe des Teddyb\u00e4ren ist etwa 10 cm. Der Schl\u00fcsselring hat einen Durchmesser von ca. 2,5 cm.<\/p>\n<p><em>Bei diesem Artikel handelt es sich um Original Morgan Zubeh\u00f6r.<\/em><\/p>\n<p>&nbsp;<\/p>\n","protected":false},"excerpt":{"rendered":"<p>Morgan Teddyb\u00e4r Schl\u00fcsselanh\u00e4nger. Stilecht mit Fliegerjacke, Kappe und Brille. T-Shirt mit Morgan-Schwinge. Die Gr\u00f6\u00dfe des Teddyb\u00e4ren ist etwa 10 cm. Der Schl\u00fcsselring hat einen Durchmesser von ca. 2,5 cm.<\/p>\n<p><em>Bei diesem Artikel handelt es sich um Original Morgan Zubeh\u00f6r.<\/em><\/p>\n<p>&nbsp;<\/p>\n","protected":false},"featured_media":33352,"comment_status":"closed","ping_status":"closed","template":"","meta":[],"product_brand":[],"product_cat":[23,212],"product_tag":[24,77,68,69],"class_list":{"0":"post-328","1":"product","2":"type-product","3":"status-publish","4":"has-post-thumbnail","6":"product_cat-accessoires","7":"product_cat-schluesselanhaenger","8":"product_tag-morgan","9":"product_tag-original-morgan","10":"product_tag-schluesselanhaenger","11":"product_tag-teddybaer","13":"first","14":"instock","15":"taxable","16":"shipping-taxable","17":"purchasable","18":"product-type-simple"},"_links":{"self":[{"href":"https:\/\/www.morganpark.de\/shop\/wp-json\/wp\/v2\/product\/328","targetHints":{"allow":["GET"]}}],"collection":[{"href":"https:\/\/www.morganpark.de\/shop\/wp-json\/wp\/v2\/product"}],"about":[{"href":"https:\/\/www.morganpark.de\/shop\/wp-json\/wp\/v2\/types\/product"}],"replies":[{"embeddable":true,"href":"https:\/\/www.morganpark.de\/shop\/wp-json\/wp\/v2\/comments?post=328"}],"wp:featuredmedia":[{"embeddable":true,"href":"https:\/\/www.morganpark.de\/shop\/wp-json\/wp\/v2\/media\/33352"}],"wp:attachment":[{"href":"https:\/\/www.morganpark.de\/shop\/wp-json\/wp\/v2\/media?parent=328"}],"wp:term":[{"taxonomy":"product_brand","embeddable":true,"href":"https:\/\/www.morganpark.de\/shop\/wp-json\/wp\/v2\/product_brand?post=328"},{"taxonomy":"product_cat","embeddable":true,"href":"https:\/\/www.morganpark.de\/shop\/wp-json\/wp\/v2\/product_cat?post=328"},{"taxonomy":"product_tag","embeddable":true,"href":"https:\/\/www.morganpark.de\/shop\/wp-json\/wp\/v2\/product_tag?post=328"}],"curies":[{"name":"wp","href":"https:\/\/api.w.org\/{rel}","templated":true}]}}