{"id":33172,"date":"2023-09-05T15:53:00","date_gmt":"2023-09-05T13:53:00","guid":{"rendered":"https:\/\/www.morganpark.de\/shop\/?post_type=product&#038;p=33172"},"modified":"2024-02-02T09:45:39","modified_gmt":"2024-02-02T08:45:39","slug":"spiegelfuesse-paar-edelstahl-poliert","status":"publish","type":"product","link":"https:\/\/www.morganpark.de\/shop\/produkt\/spiegelfuesse-paar-edelstahl-poliert\/","title":{"rendered":"Spiegelf\u00fc\u00dfe (Paar), Edelstahl poliert"},"content":{"rendered":"<p>Paar (2 St\u00fcck) Spiegelf\u00fc\u00dfe aus poliertem Edelstahl als Ersatz f\u00fcr die verchromten Original Spiegelf\u00fc\u00dfe. <\/p>\n<p>Passend f\u00fcr alle trapezf\u00f6rmigen oder runden Au\u00dfenspiegel montiert bei Classic Range ab ca. Baujahr 1990 oder CX Range\/Plus Line Fahrzeugen. <\/p>\n<p>Die Bohrungen in den Spiegelf\u00fc\u00dfen sind deckungsgleich mit den L\u00f6chern der Original-Befestigung. <\/p>\n<p>Zum Lieferumfang geh\u00f6ren neben den beiden Spiegelf\u00fc\u00dfen noch vier Edelstahl-Schlitzschrauben, zwei Gummi-Unterlagen und eine Einstellanleitung. <\/p>\n<p>&nbsp;<\/p>\n<p>&nbsp;<\/p>\n","protected":false},"excerpt":{"rendered":"<p>Paar (2 St\u00fcck) Spiegelf\u00fc\u00dfe aus poliertem Edelstahl als Ersatz f\u00fcr die verchromten Original Spiegelf\u00fc\u00dfe. <\/p>\n<p>Passend f\u00fcr alle trapezf\u00f6rmigen oder runden Au\u00dfenspiegel montiert bei Classic Range ab ca. Baujahr 1990 oder CX Range\/Plus Line Fahrzeugen. <\/p>\n<p>Die Bohrungen in den Spiegelf\u00fc\u00dfen sind deckungsgleich mit den L\u00f6chern der Original-Befestigung. <\/p>\n<p>Zum Lieferumfang geh\u00f6ren neben den beiden Spiegelf\u00fc\u00dfen noch vier Edelstahl-Schlitzschrauben, zwei Gummi-Unterlagen und eine Einstellanleitung. <\/p>\n<p>&nbsp;<\/p>\n<p>&nbsp;<\/p>\n","protected":false},"featured_media":33250,"comment_status":"closed","ping_status":"closed","template":"","meta":[],"product_brand":[],"product_cat":[243,373,59],"product_tag":[244,24,77],"class_list":{"0":"post-33172","1":"product","2":"type-product","3":"status-publish","4":"has-post-thumbnail","6":"product_cat-aussenspiegel","7":"product_cat-aussenspiegel-cx","8":"product_cat-exterieur","9":"product_tag-aussenspiegel","10":"product_tag-morgan","11":"product_tag-original-morgan","13":"first","14":"instock","15":"taxable","16":"shipping-taxable","17":"purchasable","18":"product-type-simple"},"_links":{"self":[{"href":"https:\/\/www.morganpark.de\/shop\/wp-json\/wp\/v2\/product\/33172","targetHints":{"allow":["GET"]}}],"collection":[{"href":"https:\/\/www.morganpark.de\/shop\/wp-json\/wp\/v2\/product"}],"about":[{"href":"https:\/\/www.morganpark.de\/shop\/wp-json\/wp\/v2\/types\/product"}],"replies":[{"embeddable":true,"href":"https:\/\/www.morganpark.de\/shop\/wp-json\/wp\/v2\/comments?post=33172"}],"wp:featuredmedia":[{"embeddable":true,"href":"https:\/\/www.morganpark.de\/shop\/wp-json\/wp\/v2\/media\/33250"}],"wp:attachment":[{"href":"https:\/\/www.morganpark.de\/shop\/wp-json\/wp\/v2\/media?parent=33172"}],"wp:term":[{"taxonomy":"product_brand","embeddable":true,"href":"https:\/\/www.morganpark.de\/shop\/wp-json\/wp\/v2\/product_brand?post=33172"},{"taxonomy":"product_cat","embeddable":true,"href":"https:\/\/www.morganpark.de\/shop\/wp-json\/wp\/v2\/product_cat?post=33172"},{"taxonomy":"product_tag","embeddable":true,"href":"https:\/\/www.morganpark.de\/shop\/wp-json\/wp\/v2\/product_tag?post=33172"}],"curies":[{"name":"wp","href":"https:\/\/api.w.org\/{rel}","templated":true}]}}