{"id":33184,"date":"2023-09-11T14:24:31","date_gmt":"2023-09-11T12:24:31","guid":{"rendered":"https:\/\/www.morganpark.de\/shop\/?post_type=product&#038;p=33184"},"modified":"2023-09-11T14:24:32","modified_gmt":"2023-09-11T12:24:32","slug":"m3w-fussraumkastentresor-lhd","status":"publish","type":"product","link":"https:\/\/www.morganpark.de\/shop\/produkt\/m3w-fussraumkastentresor-lhd\/","title":{"rendered":"M3W Fu\u00dfraumkastentresor (LHD)"},"content":{"rendered":"<p>M3W Fu\u00dfraumkastentresor f\u00fcr Morgan 3-Wheeler in Linkslenker-Ausf\u00fchrung (LHD). <\/p>\n<p>Inklusive 2 Schl\u00fcsseln.<\/p>\n<p>&nbsp;<\/p>\n<p>&nbsp;<\/p>\n","protected":false},"excerpt":{"rendered":"<p>M3W Fu\u00dfraumkastentresor f\u00fcr Morgan 3-Wheeler in Linkslenker-Ausf\u00fchrung (LHD). <\/p>\n<p>Inklusive 2 Schl\u00fcsseln.<\/p>\n<p>&nbsp;<\/p>\n<p>&nbsp;<\/p>\n","protected":false},"featured_media":33189,"comment_status":"open","ping_status":"closed","template":"","meta":[],"product_brand":[],"product_cat":[371,41],"product_tag":[221,372,115,24,77],"class_list":{"0":"post-33184","1":"product","2":"type-product","3":"status-publish","4":"has-post-thumbnail","6":"product_cat-fussraumkastentresor","7":"product_cat-interieur","8":"product_tag-3-wheeler","9":"product_tag-fussraumkastentresor","10":"product_tag-m3w","11":"product_tag-morgan","12":"product_tag-original-morgan","14":"first","15":"instock","16":"taxable","17":"shipping-taxable","18":"purchasable","19":"product-type-simple"},"_links":{"self":[{"href":"https:\/\/www.morganpark.de\/shop\/wp-json\/wp\/v2\/product\/33184","targetHints":{"allow":["GET"]}}],"collection":[{"href":"https:\/\/www.morganpark.de\/shop\/wp-json\/wp\/v2\/product"}],"about":[{"href":"https:\/\/www.morganpark.de\/shop\/wp-json\/wp\/v2\/types\/product"}],"replies":[{"embeddable":true,"href":"https:\/\/www.morganpark.de\/shop\/wp-json\/wp\/v2\/comments?post=33184"}],"wp:featuredmedia":[{"embeddable":true,"href":"https:\/\/www.morganpark.de\/shop\/wp-json\/wp\/v2\/media\/33189"}],"wp:attachment":[{"href":"https:\/\/www.morganpark.de\/shop\/wp-json\/wp\/v2\/media?parent=33184"}],"wp:term":[{"taxonomy":"product_brand","embeddable":true,"href":"https:\/\/www.morganpark.de\/shop\/wp-json\/wp\/v2\/product_brand?post=33184"},{"taxonomy":"product_cat","embeddable":true,"href":"https:\/\/www.morganpark.de\/shop\/wp-json\/wp\/v2\/product_cat?post=33184"},{"taxonomy":"product_tag","embeddable":true,"href":"https:\/\/www.morganpark.de\/shop\/wp-json\/wp\/v2\/product_tag?post=33184"}],"curies":[{"name":"wp","href":"https:\/\/api.w.org\/{rel}","templated":true}]}}