{"id":33702,"date":"2025-08-31T15:22:11","date_gmt":"2025-08-31T13:22:11","guid":{"rendered":"https:\/\/www.morganpark.de\/shop\/?post_type=product&#038;p=33702"},"modified":"2026-02-02T11:22:28","modified_gmt":"2026-02-02T10:22:28","slug":"mahle-x-jacket-sand-grosse-xl","status":"publish","type":"product","link":"https:\/\/www.morganpark.de\/shop\/produkt\/mahle-x-jacket-sand-grosse-xl\/","title":{"rendered":"Mahle X Jacket  (Farbe Sand) Gro\u00dfe XL"},"content":{"rendered":"<p>Die Morgan x Malle Driving Jacket, Farbe &#8222;Sand&#8220;, Gro\u00dfe XL <\/p>\n<p>Die Morgan x Malle Driving Jacket ist vollst\u00e4ndig wasserdicht und winddicht. Sie verf\u00fcgt \u00fcber strategisch platzierte Kevlar-Eins\u00e4tze zum Schutz an R\u00fccken, Schultern und Ellbogen \u2013 f\u00fcr maximale Sicherheit bei jeder Fahrt. Ein Sturmkragen, ein GPS-Kopfh\u00f6reranschluss, mehrere Taschen in passender Gr\u00f6\u00dfe f\u00fcr Schl\u00fcssel und Fahrdokumente, eine Wildbeuteltasche (Poacher\u2019s Pouch), ein Sturmverschluss sowie ein gestepptes Innenfutter f\u00fcr zus\u00e4tzliche Isolierung machen diese Jacke zu einem unverzichtbaren Begleiter auf jeder Tour.<\/p>\n<p>Verstellbare Druckkn\u00f6pfe an der Taille erm\u00f6glichen das Anpassen der Gr\u00f6\u00dfe f\u00fcr den ganzj\u00e4hrigen Einsatz \u2013 mit oder ohne zus\u00e4tzliche Kleidungsschichten. Diese Druckkn\u00f6pfe dienen zudem als Befestigungspunkte f\u00fcr den optionalen Morgan x Malle Knieschutz \u2013 ein Muss f\u00fcr das Fahren im offenen Fahrzeug, bei dem auch der Unterk\u00f6rper ber\u00fccksichtigt werden sollte.<\/p>\n<p>Die Jacke wird von Hand gefertigt aus dem robusten, 10 oz schweren, britischen gewachsten Canvas von Malle. Eine innovative, wasserdichte Membran unter der Canvas-Schicht sorgt f\u00fcr zuverl\u00e4ssigen Schutz, w\u00e4hrend weiches Performance-Wildleder an B\u00fcndchen und Kragen h\u00f6chsten Tragekomfort garantiert. Diese Jacke ist f\u00fcr jedes Klima gemacht \u2013 sie begleitet Fahrer \u00fcberallhin, bei jedem Wetter.<\/p>\n<p>Malle London steht an der Schnittstelle von Abenteuer und Mobilit\u00e4t. Die Marke entwickelt die raffiniertesten und modernsten britischen Accessoires, die durch ihr Design zu Abenteuern einladen. Dabei werden ausschlie\u00dflich edle, nat\u00fcrliche Materialien aus Gro\u00dfbritannien verwendet \u2013 von gewachstem Canvas \u00fcber luxuri\u00f6ses Leder bis zu Merinowolle. Diese Materialien werden innovativ verarbeitet und mit smarten, intuitiven Designmerkmalen kombiniert \u2013 f\u00fcr moderne, zeitlose St\u00fccke im typisch britischen Utility-Stil.<\/p>\n<p>Eigenschaften:<\/p>\n<p>Au\u00dfenmaterial aus 10 oz Canvas<\/p>\n<p>Wasserdichte Membran<\/p>\n<p>Kevlar-Verst\u00e4rkungen<\/p>\n<p>Gestepptes Innenfutter<\/p>\n<p>Schl\u00fcsseltasche<\/p>\n<p>Integrierte Kapuze<\/p>\n<p>Sturmkragen<\/p>\n<p>Brillentasche<\/p>\n<p>Schnellzugriffs-\u00c4rmeltasche<\/p>\n<p>Morgan x Malle Leder-Emblem<\/p>\n<p>Winddichte B\u00fcndchen<\/p>\n<p>Zwei Innentaschen<\/p>\n<p>Zwei-Wege-Frontrei\u00dfverschluss mit Sturmklappe<\/p>\n<p><em>Bei diesem Artikel handelt es sich um Original Morgan Zubeh\u00f6r.<\/em><\/p>\n<p>&nbsp;<\/p>\n<p>&nbsp;<\/p>\n","protected":false},"excerpt":{"rendered":"<p>Die Morgan x Malle Driving Jacket, Farbe &#8222;Sand&#8220;, Gro\u00dfe XL <\/p>\n<p>Die Morgan x Malle Driving Jacket ist vollst\u00e4ndig wasserdicht und winddicht. Sie verf\u00fcgt \u00fcber strategisch platzierte Kevlar-Eins\u00e4tze zum Schutz an R\u00fccken, Schultern und Ellbogen \u2013 f\u00fcr maximale Sicherheit bei jeder Fahrt. Ein Sturmkragen, ein GPS-Kopfh\u00f6reranschluss, mehrere Taschen in passender Gr\u00f6\u00dfe f\u00fcr Schl\u00fcssel und Fahrdokumente, eine Wildbeuteltasche (Poacher\u2019s Pouch), ein Sturmverschluss sowie ein gestepptes Innenfutter f\u00fcr zus\u00e4tzliche Isolierung machen diese Jacke zu einem unverzichtbaren Begleiter auf jeder Tour.<\/p>\n<p>Verstellbare Druckkn\u00f6pfe an der Taille erm\u00f6glichen das Anpassen der Gr\u00f6\u00dfe f\u00fcr den ganzj\u00e4hrigen Einsatz \u2013 mit oder ohne zus\u00e4tzliche Kleidungsschichten. Diese Druckkn\u00f6pfe dienen zudem als Befestigungspunkte f\u00fcr den optionalen Morgan x Malle Knieschutz \u2013 ein Muss f\u00fcr das Fahren im offenen Fahrzeug, bei dem auch der Unterk\u00f6rper ber\u00fccksichtigt werden sollte.<\/p>\n<p>Die Jacke wird von Hand gefertigt aus dem robusten, 10 oz schweren, britischen gewachsten Canvas von Malle. Eine innovative, wasserdichte Membran unter der Canvas-Schicht sorgt f\u00fcr zuverl\u00e4ssigen [&#8230;]<\/p>\n","protected":false},"featured_media":33703,"comment_status":"closed","ping_status":"closed","template":"","meta":[],"product_brand":[],"product_cat":[22,375],"product_tag":[376,377,24,77,378],"class_list":{"0":"post-33702","1":"product","2":"type-product","3":"status-publish","4":"has-post-thumbnail","6":"product_cat-bekleidung","7":"product_cat-jacken","8":"product_tag-jacke","9":"product_tag-mahle-x","10":"product_tag-morgan","11":"product_tag-original-morgan","12":"product_tag-sand","14":"first","15":"instock","16":"taxable","17":"shipping-taxable","18":"purchasable","19":"product-type-simple"},"_links":{"self":[{"href":"https:\/\/www.morganpark.de\/shop\/wp-json\/wp\/v2\/product\/33702","targetHints":{"allow":["GET"]}}],"collection":[{"href":"https:\/\/www.morganpark.de\/shop\/wp-json\/wp\/v2\/product"}],"about":[{"href":"https:\/\/www.morganpark.de\/shop\/wp-json\/wp\/v2\/types\/product"}],"replies":[{"embeddable":true,"href":"https:\/\/www.morganpark.de\/shop\/wp-json\/wp\/v2\/comments?post=33702"}],"wp:featuredmedia":[{"embeddable":true,"href":"https:\/\/www.morganpark.de\/shop\/wp-json\/wp\/v2\/media\/33703"}],"wp:attachment":[{"href":"https:\/\/www.morganpark.de\/shop\/wp-json\/wp\/v2\/media?parent=33702"}],"wp:term":[{"taxonomy":"product_brand","embeddable":true,"href":"https:\/\/www.morganpark.de\/shop\/wp-json\/wp\/v2\/product_brand?post=33702"},{"taxonomy":"product_cat","embeddable":true,"href":"https:\/\/www.morganpark.de\/shop\/wp-json\/wp\/v2\/product_cat?post=33702"},{"taxonomy":"product_tag","embeddable":true,"href":"https:\/\/www.morganpark.de\/shop\/wp-json\/wp\/v2\/product_tag?post=33702"}],"curies":[{"name":"wp","href":"https:\/\/api.w.org\/{rel}","templated":true}]}}