{"id":33711,"date":"2025-09-04T15:32:33","date_gmt":"2025-09-04T13:32:33","guid":{"rendered":"https:\/\/www.morganpark.de\/shop\/?post_type=product&#038;p=33711"},"modified":"2026-02-12T12:59:06","modified_gmt":"2026-02-12T11:59:06","slug":"runder-aussenspiegel-2","status":"publish","type":"product","link":"https:\/\/www.morganpark.de\/shop\/produkt\/runder-aussenspiegel-2\/","title":{"rendered":"Runder Au\u00dfenspiegel"},"content":{"rendered":"<p>Runder Au\u00dfenspiegel zur Aufnahme im Original-Spiegelfu\u00df.<\/p>\n<p>Der Spiegelkopf hat einen Durchmesser von ca. 10,0cm und ist aus Edelstahl gefertigt. Die Stange ist verchromt.<\/p>\n<p>Hinweis: Dieser Zubeh\u00f6r-Spiegel besitzt kein E-Pr\u00fcfzeichen.<\/p>\n<p>&nbsp;<\/p>\n<p>&nbsp;<\/p>\n","protected":false},"excerpt":{"rendered":"<p>Runder Au\u00dfenspiegel zur Aufnahme im Original-Spiegelfu\u00df.<\/p>\n<p>Der Spiegelkopf hat einen Durchmesser von ca. 10,0cm und ist aus Edelstahl gefertigt. Die Stange ist verchromt.<\/p>\n<p>Hinweis: Dieser Zubeh\u00f6r-Spiegel besitzt kein E-Pr\u00fcfzeichen.<\/p>\n<p>&nbsp;<\/p>\n<p>&nbsp;<\/p>\n","protected":false},"featured_media":33712,"comment_status":"open","ping_status":"closed","template":"","meta":[],"product_brand":[],"product_cat":[243,59],"product_tag":[244,24],"class_list":{"0":"post-33711","1":"product","2":"type-product","3":"status-publish","4":"has-post-thumbnail","6":"product_cat-aussenspiegel","7":"product_cat-exterieur","8":"product_tag-aussenspiegel","9":"product_tag-morgan","11":"first","12":"instock","13":"taxable","14":"shipping-taxable","15":"purchasable","16":"product-type-simple"},"_links":{"self":[{"href":"https:\/\/www.morganpark.de\/shop\/wp-json\/wp\/v2\/product\/33711","targetHints":{"allow":["GET"]}}],"collection":[{"href":"https:\/\/www.morganpark.de\/shop\/wp-json\/wp\/v2\/product"}],"about":[{"href":"https:\/\/www.morganpark.de\/shop\/wp-json\/wp\/v2\/types\/product"}],"replies":[{"embeddable":true,"href":"https:\/\/www.morganpark.de\/shop\/wp-json\/wp\/v2\/comments?post=33711"}],"wp:featuredmedia":[{"embeddable":true,"href":"https:\/\/www.morganpark.de\/shop\/wp-json\/wp\/v2\/media\/33712"}],"wp:attachment":[{"href":"https:\/\/www.morganpark.de\/shop\/wp-json\/wp\/v2\/media?parent=33711"}],"wp:term":[{"taxonomy":"product_brand","embeddable":true,"href":"https:\/\/www.morganpark.de\/shop\/wp-json\/wp\/v2\/product_brand?post=33711"},{"taxonomy":"product_cat","embeddable":true,"href":"https:\/\/www.morganpark.de\/shop\/wp-json\/wp\/v2\/product_cat?post=33711"},{"taxonomy":"product_tag","embeddable":true,"href":"https:\/\/www.morganpark.de\/shop\/wp-json\/wp\/v2\/product_tag?post=33711"}],"curies":[{"name":"wp","href":"https:\/\/api.w.org\/{rel}","templated":true}]}}