{"id":33742,"date":"2025-09-07T15:57:02","date_gmt":"2025-09-07T13:57:02","guid":{"rendered":"https:\/\/www.morganpark.de\/shop\/?post_type=product&#038;p=33742"},"modified":"2026-02-03T12:35:57","modified_gmt":"2026-02-03T11:35:57","slug":"ledertasche-chocolate-medium-harry-haldall-kopie","status":"publish","type":"product","link":"https:\/\/www.morganpark.de\/shop\/produkt\/ledertasche-chocolate-medium-harry-haldall-kopie\/","title":{"rendered":"Ledertasche  medium (Harry Haldall) in Dunkelbraun"},"content":{"rendered":"<p>Dunkelbraun (Chocolate) Ledertasche mit eingen\u00e4htem Morgan Logo in der Ausf\u00fchrung Harry Haldall und der Gr\u00f6\u00dfe medium.<\/p>\n<p>Im Lieferumfang enthalten ist ein separater Schultergurt, ein Gep\u00e4ckanh\u00e4nger und eine Staubschutzh\u00fclle.<\/p>\n<p>Zwei dieser Taschen passen nebeneinander hinter die Sitze.<\/p>\n<p>Gr\u00f6\u00dfe \u2013 B: 45\u202fcm, H: 28\u202fcm, T: 26\u202fcm (ca.)<\/p>\n<p><em>Bei diesem Artikel handelt es sich um Original Morgan Zubeh\u00f6r.<\/em><\/p>\n","protected":false},"excerpt":{"rendered":"<p>Dunkelbraun (Chocolate) Ledertasche mit eingen\u00e4htem Morgan Logo in der Ausf\u00fchrung Harry Haldall und der Gr\u00f6\u00dfe medium.<\/p>\n<p>Im Lieferumfang enthalten ist ein separater Schultergurt, ein Gep\u00e4ckanh\u00e4nger und eine Staubschutzh\u00fclle.<\/p>\n<p>Zwei dieser Taschen passen nebeneinander hinter die Sitze.<\/p>\n<p>Gr\u00f6\u00dfe \u2013 B: 45\u202fcm, H: 28\u202fcm, T: 26\u202fcm (ca.)<\/p>\n<p><em>Bei diesem Artikel handelt es sich um Original Morgan Zubeh\u00f6r.<\/em><\/p>\n","protected":false},"featured_media":29910,"comment_status":"closed","ping_status":"closed","template":"","meta":[],"product_brand":[],"product_cat":[23,209],"product_tag":[383,72,120,24,77],"class_list":{"0":"post-33742","1":"product","2":"type-product","3":"status-publish","4":"has-post-thumbnail","6":"product_cat-accessoires","7":"product_cat-taschen","8":"product_tag-dunkel-braun","9":"product_tag-leder","10":"product_tag-ledertasche","11":"product_tag-morgan","12":"product_tag-original-morgan","14":"first","15":"instock","16":"taxable","17":"shipping-taxable","18":"purchasable","19":"product-type-simple"},"_links":{"self":[{"href":"https:\/\/www.morganpark.de\/shop\/wp-json\/wp\/v2\/product\/33742","targetHints":{"allow":["GET"]}}],"collection":[{"href":"https:\/\/www.morganpark.de\/shop\/wp-json\/wp\/v2\/product"}],"about":[{"href":"https:\/\/www.morganpark.de\/shop\/wp-json\/wp\/v2\/types\/product"}],"replies":[{"embeddable":true,"href":"https:\/\/www.morganpark.de\/shop\/wp-json\/wp\/v2\/comments?post=33742"}],"wp:featuredmedia":[{"embeddable":true,"href":"https:\/\/www.morganpark.de\/shop\/wp-json\/wp\/v2\/media\/29910"}],"wp:attachment":[{"href":"https:\/\/www.morganpark.de\/shop\/wp-json\/wp\/v2\/media?parent=33742"}],"wp:term":[{"taxonomy":"product_brand","embeddable":true,"href":"https:\/\/www.morganpark.de\/shop\/wp-json\/wp\/v2\/product_brand?post=33742"},{"taxonomy":"product_cat","embeddable":true,"href":"https:\/\/www.morganpark.de\/shop\/wp-json\/wp\/v2\/product_cat?post=33742"},{"taxonomy":"product_tag","embeddable":true,"href":"https:\/\/www.morganpark.de\/shop\/wp-json\/wp\/v2\/product_tag?post=33742"}],"curies":[{"name":"wp","href":"https:\/\/api.w.org\/{rel}","templated":true}]}}