{"id":33748,"date":"2025-09-09T17:47:10","date_gmt":"2025-09-09T15:47:10","guid":{"rendered":"https:\/\/www.morganpark.de\/shop\/?post_type=product&#038;p=33748"},"modified":"2025-11-10T00:48:44","modified_gmt":"2025-11-09T23:48:44","slug":"runder-aussenspiegel-verchromt","status":"publish","type":"product","link":"https:\/\/www.morganpark.de\/shop\/produkt\/runder-aussenspiegel-verchromt\/","title":{"rendered":"Runder Au\u00dfenspiegel verchromt"},"content":{"rendered":"<p>Runder Au\u00dfenspiegel zur Aufnahme im Original-Spiegelfu\u00df.<\/p>\n<p>Der Spiegelkopf hat einen Durchmesser von ca. 11,0cm und ist verchromt. Die Stange ist verchromt.<\/p>\n<p>Hinweis: Dieser Zubeh\u00f6r-Spiegel besitzt kein E-Pr\u00fcfzeichen.<\/p>\n<p>&nbsp;<\/p>\n<p>&nbsp;<\/p>\n","protected":false},"excerpt":{"rendered":"<p>Runder Au\u00dfenspiegel zur Aufnahme im Original-Spiegelfu\u00df.<\/p>\n<p>Der Spiegelkopf hat einen Durchmesser von ca. 11,0cm und ist verchromt. Die Stange ist verchromt.<\/p>\n<p>Hinweis: Dieser Zubeh\u00f6r-Spiegel besitzt kein E-Pr\u00fcfzeichen.<\/p>\n<p>&nbsp;<\/p>\n<p>&nbsp;<\/p>\n","protected":false},"featured_media":33750,"comment_status":"open","ping_status":"closed","template":"","meta":[],"product_brand":[],"product_cat":[243,59],"product_tag":[244,24],"class_list":{"0":"post-33748","1":"product","2":"type-product","3":"status-publish","4":"has-post-thumbnail","6":"product_cat-aussenspiegel","7":"product_cat-exterieur","8":"product_tag-aussenspiegel","9":"product_tag-morgan","11":"first","12":"instock","13":"taxable","14":"shipping-taxable","15":"purchasable","16":"product-type-simple"},"_links":{"self":[{"href":"https:\/\/www.morganpark.de\/shop\/wp-json\/wp\/v2\/product\/33748","targetHints":{"allow":["GET"]}}],"collection":[{"href":"https:\/\/www.morganpark.de\/shop\/wp-json\/wp\/v2\/product"}],"about":[{"href":"https:\/\/www.morganpark.de\/shop\/wp-json\/wp\/v2\/types\/product"}],"replies":[{"embeddable":true,"href":"https:\/\/www.morganpark.de\/shop\/wp-json\/wp\/v2\/comments?post=33748"}],"wp:featuredmedia":[{"embeddable":true,"href":"https:\/\/www.morganpark.de\/shop\/wp-json\/wp\/v2\/media\/33750"}],"wp:attachment":[{"href":"https:\/\/www.morganpark.de\/shop\/wp-json\/wp\/v2\/media?parent=33748"}],"wp:term":[{"taxonomy":"product_brand","embeddable":true,"href":"https:\/\/www.morganpark.de\/shop\/wp-json\/wp\/v2\/product_brand?post=33748"},{"taxonomy":"product_cat","embeddable":true,"href":"https:\/\/www.morganpark.de\/shop\/wp-json\/wp\/v2\/product_cat?post=33748"},{"taxonomy":"product_tag","embeddable":true,"href":"https:\/\/www.morganpark.de\/shop\/wp-json\/wp\/v2\/product_tag?post=33748"}],"curies":[{"name":"wp","href":"https:\/\/api.w.org\/{rel}","templated":true}]}}