{"id":33787,"date":"2025-10-13T11:35:00","date_gmt":"2025-10-13T09:35:00","guid":{"rendered":"https:\/\/www.morganpark.de\/shop\/?post_type=product&#038;p=33787"},"modified":"2026-01-05T15:11:51","modified_gmt":"2026-01-05T14:11:51","slug":"herren-morgan-poloshirt-schwarz-mit-weisser-schwinge-groesse-xl","status":"publish","type":"product","link":"https:\/\/www.morganpark.de\/shop\/produkt\/herren-morgan-poloshirt-schwarz-mit-weisser-schwinge-groesse-xl\/","title":{"rendered":"Herren Morgan Poloshirt \u2013 schwarz, mit wei\u00dfer Schwinge, Gr\u00f6\u00dfe  XL"},"content":{"rendered":"<p>Schwarzes Morgan-Poloshirt f\u00fcr Herren in Gr\u00f6\u00dfe XL, verziert mit einem wei\u00df bestickten Schwingen-Emblem auf der Brust und dem Union Jack auf dem rechten \u00c4rmel.<\/p>\n<p><em>Bei diesem Artikel handelt es sich um Original Morgan Zubeh\u00f6r.<\/em><\/p>\n<p>&nbsp;<\/p>\n<p>&nbsp;<\/p>\n<p>Farbe: schwarz<br \/>\nMaterial: 100\u202f% ringgesponnene, gek\u00e4mmte Baumwolle<br \/>\nPflegehinweis: Maschinenw\u00e4sche bei 30\u202f\u00b0C<br \/>\nGrammatur: 200\u202fg\/m\u00b2<\/p>\n<p>&nbsp;<\/p>\n<p>&nbsp;<\/p>\n<p><b> Gr\u00f6\u00dfentabelle (Brustumfang):<\/p>\n<p>S \u2013 94\u202fcm (37\u202fZoll)<\/p>\n<p>M \u2013 102\u202fcm (40\u202fZoll)<\/p>\n<p>L \u2013 107\u202fcm (42\u202fZoll)<\/p>\n<p>XL \u2013 112\u202fcm (44\u202fZoll)<\/p>\n<p>XXL \u2013 119\u202fcm (47\u202fZoll)<\/p>\n<p>XXXL \u2013 124\u202fcm (49\u202fZoll)<\/p>\n","protected":false},"excerpt":{"rendered":"<p>Schwarzes Morgan-Poloshirt f\u00fcr Herren in Gr\u00f6\u00dfe XL, verziert mit einem wei\u00df bestickten Schwingen-Emblem auf der Brust und dem Union Jack auf dem rechten \u00c4rmel.<\/p>\n<p><em>Bei diesem Artikel handelt es sich um Original Morgan Zubeh\u00f6r.<\/em><\/p>\n<p>&nbsp;<\/p>\n<p>&nbsp;<\/p>\n<p>Farbe: schwarz<br \/> Material: 100\u202f% ringgesponnene, gek\u00e4mmte Baumwolle<br \/> Pflegehinweis: Maschinenw\u00e4sche bei 30\u202f\u00b0C<br \/> Grammatur: 200\u202fg\/m\u00b2<\/p>\n<p>&nbsp;<\/p>\n<p>&nbsp;<\/p>\n<p><b> Gr\u00f6\u00dfentabelle (Brustumfang):<\/b><\/p>\n<p>S \u2013 94\u202fcm (37\u202fZoll)<\/p>\n<p>M \u2013 102\u202fcm (40\u202fZoll)<\/p>\n<p>L \u2013 107\u202fcm (42\u202fZoll)<\/p>\n<p>XL \u2013 112\u202fcm (44\u202fZoll)<\/p>\n<p>XXL \u2013 119\u202fcm (47\u202fZoll)<\/p>\n<p>XXXL \u2013 124\u202fcm (49\u202fZoll)<\/p>\n","protected":false},"featured_media":33784,"comment_status":"open","ping_status":"closed","template":"","meta":[],"product_brand":[],"product_cat":[22,379],"product_tag":[382,381,24,380,30],"class_list":{"0":"post-33787","1":"product","2":"type-product","3":"status-publish","4":"has-post-thumbnail","6":"product_cat-bekleidung","7":"product_cat-poloshirt","8":"product_tag-herren","9":"product_tag-mens","10":"product_tag-morgan","11":"product_tag-poloshirt","12":"product_tag-schwarz","14":"first","15":"instock","16":"taxable","17":"shipping-taxable","18":"purchasable","19":"product-type-simple"},"_links":{"self":[{"href":"https:\/\/www.morganpark.de\/shop\/wp-json\/wp\/v2\/product\/33787","targetHints":{"allow":["GET"]}}],"collection":[{"href":"https:\/\/www.morganpark.de\/shop\/wp-json\/wp\/v2\/product"}],"about":[{"href":"https:\/\/www.morganpark.de\/shop\/wp-json\/wp\/v2\/types\/product"}],"replies":[{"embeddable":true,"href":"https:\/\/www.morganpark.de\/shop\/wp-json\/wp\/v2\/comments?post=33787"}],"wp:featuredmedia":[{"embeddable":true,"href":"https:\/\/www.morganpark.de\/shop\/wp-json\/wp\/v2\/media\/33784"}],"wp:attachment":[{"href":"https:\/\/www.morganpark.de\/shop\/wp-json\/wp\/v2\/media?parent=33787"}],"wp:term":[{"taxonomy":"product_brand","embeddable":true,"href":"https:\/\/www.morganpark.de\/shop\/wp-json\/wp\/v2\/product_brand?post=33787"},{"taxonomy":"product_cat","embeddable":true,"href":"https:\/\/www.morganpark.de\/shop\/wp-json\/wp\/v2\/product_cat?post=33787"},{"taxonomy":"product_tag","embeddable":true,"href":"https:\/\/www.morganpark.de\/shop\/wp-json\/wp\/v2\/product_tag?post=33787"}],"curies":[{"name":"wp","href":"https:\/\/api.w.org\/{rel}","templated":true}]}}