{"id":368,"date":"2018-03-29T17:02:59","date_gmt":"2018-03-29T15:02:59","guid":{"rendered":"http:\/\/www.morganpark.de\/shop\/?post_type=product&#038;p=368"},"modified":"2025-04-17T11:52:16","modified_gmt":"2025-04-17T09:52:16","slug":"tuerschloss-abdeckungen-neue-schwinge","status":"publish","type":"product","link":"https:\/\/www.morganpark.de\/shop\/produkt\/tuerschloss-abdeckungen-neue-schwinge\/","title":{"rendered":"T\u00fcrschloss-Abdeckungen (Late)"},"content":{"rendered":"<p>Paar (2 St\u00fcck) T\u00fcrschloss-Abdeckungen aus poliertem Edelstahl mit neuer &#8222;Morgan&#8220;-Schwinge.<\/p>\n<p>Passend f\u00fcr alle traditionellen Modelle der Baujahre 1972-1986 und ab 1990 bis dato sowie alle neuen Morgan Plus 4.8.<\/p>\n<p>F\u00fcr die werksseitig verbauten T\u00fcrschl\u00f6sser der Baujahre 1986-1990 sind leider keine Abdeckungen erh\u00e4ltlich.<\/p>\n<p><em>Bei diesem Artikel handelt es sich um Original Morgan Zubeh\u00f6r.<\/em><\/p>\n<p>&nbsp;<\/p>\n","protected":false},"excerpt":{"rendered":"<p>Paar (2 St\u00fcck) T\u00fcrschloss-Abdeckungen aus poliertem Edelstahl mit neuer &#8222;Morgan&#8220;-Schwinge.<\/p>\n<p>Passend f\u00fcr alle traditionellen Modelle der Baujahre 1972-1986 und ab 1990 bis dato sowie alle neuen Morgan Plus 4.8.<\/p>\n<p>F\u00fcr die werksseitig verbauten T\u00fcrschl\u00f6sser der Baujahre 1986-1990 sind leider keine Abdeckungen erh\u00e4ltlich.<\/p>\n<p><em>Bei diesem Artikel handelt es sich um Original Morgan Zubeh\u00f6r.<\/em><\/p>\n<p>&nbsp;<\/p>\n","protected":false},"featured_media":369,"comment_status":"closed","ping_status":"closed","template":"","meta":[],"product_brand":[],"product_cat":[41,204],"product_tag":[78,77,79],"class_list":{"0":"post-368","1":"product","2":"type-product","3":"status-publish","4":"has-post-thumbnail","6":"product_cat-interieur","7":"product_cat-tuerschlosskasten-abdeckungen","8":"product_tag-edelstahl","9":"product_tag-original-morgan","10":"product_tag-tuerschloss-abdeckungen","12":"first","13":"instock","14":"taxable","15":"shipping-taxable","16":"purchasable","17":"product-type-simple"},"_links":{"self":[{"href":"https:\/\/www.morganpark.de\/shop\/wp-json\/wp\/v2\/product\/368","targetHints":{"allow":["GET"]}}],"collection":[{"href":"https:\/\/www.morganpark.de\/shop\/wp-json\/wp\/v2\/product"}],"about":[{"href":"https:\/\/www.morganpark.de\/shop\/wp-json\/wp\/v2\/types\/product"}],"replies":[{"embeddable":true,"href":"https:\/\/www.morganpark.de\/shop\/wp-json\/wp\/v2\/comments?post=368"}],"wp:featuredmedia":[{"embeddable":true,"href":"https:\/\/www.morganpark.de\/shop\/wp-json\/wp\/v2\/media\/369"}],"wp:attachment":[{"href":"https:\/\/www.morganpark.de\/shop\/wp-json\/wp\/v2\/media?parent=368"}],"wp:term":[{"taxonomy":"product_brand","embeddable":true,"href":"https:\/\/www.morganpark.de\/shop\/wp-json\/wp\/v2\/product_brand?post=368"},{"taxonomy":"product_cat","embeddable":true,"href":"https:\/\/www.morganpark.de\/shop\/wp-json\/wp\/v2\/product_cat?post=368"},{"taxonomy":"product_tag","embeddable":true,"href":"https:\/\/www.morganpark.de\/shop\/wp-json\/wp\/v2\/product_tag?post=368"}],"curies":[{"name":"wp","href":"https:\/\/api.w.org\/{rel}","templated":true}]}}