{"id":409,"date":"2018-06-06T09:59:19","date_gmt":"2018-06-06T07:59:19","guid":{"rendered":"https:\/\/www.morganpark.de\/shop\/?post_type=product&#038;p=409"},"modified":"2025-12-11T11:32:22","modified_gmt":"2025-12-11T10:32:22","slug":"schluesselanhaenger-m3w-braun","status":"publish","type":"product","link":"https:\/\/www.morganpark.de\/shop\/produkt\/schluesselanhaenger-m3w-braun\/","title":{"rendered":"Schl\u00fcsselanh\u00e4nger M3W braun"},"content":{"rendered":"<p>Morgan Schl\u00fcsselanh\u00e4nger &#8222;M3W&#8220; in braunem Leder mit eingepr\u00e4gter Morgan Schwinge<\/p>\n<p><em>Bei diesem Artikel handelt es sich um Original Morgan Zubeh\u00f6r.<\/em><\/p>\n<p>&nbsp;<\/p>\n","protected":false},"excerpt":{"rendered":"<p>Morgan Schl\u00fcsselanh\u00e4nger &#8222;M3W&#8220; in braunem Leder mit eingepr\u00e4gter Morgan Schwinge<\/p>\n<p><em>Bei diesem Artikel handelt es sich um Original Morgan Zubeh\u00f6r.<\/em><\/p>\n<p>&nbsp;<\/p>\n","protected":false},"featured_media":410,"comment_status":"closed","ping_status":"closed","template":"","meta":[],"product_brand":[],"product_cat":[23,212],"product_tag":[24,77,68],"class_list":{"0":"post-409","1":"product","2":"type-product","3":"status-publish","4":"has-post-thumbnail","6":"product_cat-accessoires","7":"product_cat-schluesselanhaenger","8":"product_tag-morgan","9":"product_tag-original-morgan","10":"product_tag-schluesselanhaenger","12":"first","13":"outofstock","14":"taxable","15":"shipping-taxable","16":"purchasable","17":"product-type-simple"},"_links":{"self":[{"href":"https:\/\/www.morganpark.de\/shop\/wp-json\/wp\/v2\/product\/409","targetHints":{"allow":["GET"]}}],"collection":[{"href":"https:\/\/www.morganpark.de\/shop\/wp-json\/wp\/v2\/product"}],"about":[{"href":"https:\/\/www.morganpark.de\/shop\/wp-json\/wp\/v2\/types\/product"}],"replies":[{"embeddable":true,"href":"https:\/\/www.morganpark.de\/shop\/wp-json\/wp\/v2\/comments?post=409"}],"wp:featuredmedia":[{"embeddable":true,"href":"https:\/\/www.morganpark.de\/shop\/wp-json\/wp\/v2\/media\/410"}],"wp:attachment":[{"href":"https:\/\/www.morganpark.de\/shop\/wp-json\/wp\/v2\/media?parent=409"}],"wp:term":[{"taxonomy":"product_brand","embeddable":true,"href":"https:\/\/www.morganpark.de\/shop\/wp-json\/wp\/v2\/product_brand?post=409"},{"taxonomy":"product_cat","embeddable":true,"href":"https:\/\/www.morganpark.de\/shop\/wp-json\/wp\/v2\/product_cat?post=409"},{"taxonomy":"product_tag","embeddable":true,"href":"https:\/\/www.morganpark.de\/shop\/wp-json\/wp\/v2\/product_tag?post=409"}],"curies":[{"name":"wp","href":"https:\/\/api.w.org\/{rel}","templated":true}]}}