{"id":454,"date":"2018-07-10T15:07:58","date_gmt":"2018-07-10T13:07:58","guid":{"rendered":"https:\/\/www.morganpark.de\/shop\/?post_type=product&#038;p=454"},"modified":"2025-02-27T12:55:25","modified_gmt":"2025-02-27T11:55:25","slug":"2-1-multitool","status":"publish","type":"product","link":"https:\/\/www.morganpark.de\/shop\/produkt\/2-1-multitool\/","title":{"rendered":"2-in-1 Multitool"},"content":{"rendered":"<p>Praktisches 2-in-1 Multitool bestehend aus einem kleinem Helferlein, um Tenax-Druckknopfoberteile leichter anheben zu k\u00f6nnen sowie einer herausschraubbaren &#8222;Tomy Bar&#8220;, mit der sich schwerg\u00e4ngige Drehverschl\u00fcsse an den Steckfensterhaltern und einigen Frontscheiben-Klappbeschl\u00e4gen einfach l\u00f6sen lassen.<\/p>\n<p>Dank der kleinen \u00d6se l\u00e4sst sich das Multitool am Schl\u00fcsselanh\u00e4nger befestigen.<\/p>\n<p><em>Bei diesem Artikel handelt es sich um Original Morgan Zubeh\u00f6r.<\/em><\/p>\n<p>&nbsp;<\/p>\n<p>&nbsp;<\/p>\n","protected":false},"excerpt":{"rendered":"<p>Praktisches 2-in-1 Multitool bestehend aus einem kleinem Helferlein, um Tenax-Druckknopfoberteile leichter anheben zu k\u00f6nnen sowie einer herausschraubbaren &#8222;Tomy Bar&#8220;, mit der sich schwerg\u00e4ngige Drehverschl\u00fcsse an den Steckfensterhaltern und einigen Frontscheiben-Klappbeschl\u00e4gen einfach l\u00f6sen lassen.<\/p>\n<p>Dank der kleinen \u00d6se l\u00e4sst sich das Multitool am Schl\u00fcsselanh\u00e4nger befestigen.<\/p>\n<p><em>Bei diesem Artikel handelt es sich um Original Morgan Zubeh\u00f6r.<\/em><\/p>\n<p>&nbsp;<\/p>\n<p>&nbsp;<\/p>\n","protected":false},"featured_media":455,"comment_status":"open","ping_status":"closed","template":"","meta":[],"product_brand":[],"product_cat":[23,198],"product_tag":[24,89,77],"class_list":{"0":"post-454","1":"product","2":"type-product","3":"status-publish","4":"has-post-thumbnail","6":"product_cat-accessoires","7":"product_cat-kleine-helferlein-tools","8":"product_tag-morgan","9":"product_tag-multitool","10":"product_tag-original-morgan","12":"first","13":"instock","14":"taxable","15":"shipping-taxable","16":"purchasable","17":"product-type-simple"},"_links":{"self":[{"href":"https:\/\/www.morganpark.de\/shop\/wp-json\/wp\/v2\/product\/454","targetHints":{"allow":["GET"]}}],"collection":[{"href":"https:\/\/www.morganpark.de\/shop\/wp-json\/wp\/v2\/product"}],"about":[{"href":"https:\/\/www.morganpark.de\/shop\/wp-json\/wp\/v2\/types\/product"}],"replies":[{"embeddable":true,"href":"https:\/\/www.morganpark.de\/shop\/wp-json\/wp\/v2\/comments?post=454"}],"wp:featuredmedia":[{"embeddable":true,"href":"https:\/\/www.morganpark.de\/shop\/wp-json\/wp\/v2\/media\/455"}],"wp:attachment":[{"href":"https:\/\/www.morganpark.de\/shop\/wp-json\/wp\/v2\/media?parent=454"}],"wp:term":[{"taxonomy":"product_brand","embeddable":true,"href":"https:\/\/www.morganpark.de\/shop\/wp-json\/wp\/v2\/product_brand?post=454"},{"taxonomy":"product_cat","embeddable":true,"href":"https:\/\/www.morganpark.de\/shop\/wp-json\/wp\/v2\/product_cat?post=454"},{"taxonomy":"product_tag","embeddable":true,"href":"https:\/\/www.morganpark.de\/shop\/wp-json\/wp\/v2\/product_tag?post=454"}],"curies":[{"name":"wp","href":"https:\/\/api.w.org\/{rel}","templated":true}]}}