{"id":478,"date":"2018-07-11T15:39:58","date_gmt":"2018-07-11T13:39:58","guid":{"rendered":"https:\/\/www.morganpark.de\/shop\/?post_type=product&#038;p=478"},"modified":"2025-08-08T13:16:49","modified_gmt":"2025-08-08T11:16:49","slug":"rueckleuchtenhalter","status":"publish","type":"product","link":"https:\/\/www.morganpark.de\/shop\/produkt\/rueckleuchtenhalter\/","title":{"rendered":"R\u00fcckleuchtenhalter Edelstahl poliert"},"content":{"rendered":"<p>R\u00fcckleuchtenhalter aus poliertem Edelstahl f\u00fcr Fahrzeuge bis 2010.<br \/>\n&nbsp;<br \/>\n<em>Bei diesem Artikel handelt es sich um Original Morgan Zubeh\u00f6r.<\/em><\/p>\n<p>&nbsp;<\/p>\n<p>&nbsp;<\/p>\n","protected":false},"excerpt":{"rendered":"<p>R\u00fcckleuchtenhalter aus poliertem Edelstahl f\u00fcr Fahrzeuge bis 2010.<br \/> &nbsp;<br \/> <em>Bei diesem Artikel handelt es sich um Original Morgan Zubeh\u00f6r.<\/em><\/p>\n<p>&nbsp;<\/p>\n<p>&nbsp;<\/p>\n","protected":false},"featured_media":479,"comment_status":"closed","ping_status":"closed","template":"","meta":[],"product_brand":[],"product_cat":[59,183],"product_tag":[78,24,77,99],"class_list":{"0":"post-478","1":"product","2":"type-product","3":"status-publish","4":"has-post-thumbnail","6":"product_cat-exterieur","7":"product_cat-rueckleuchtenhalter","8":"product_tag-edelstahl","9":"product_tag-morgan","10":"product_tag-original-morgan","11":"product_tag-rueckleuchtenhalter","13":"first","14":"outofstock","15":"taxable","16":"shipping-taxable","17":"purchasable","18":"product-type-simple"},"_links":{"self":[{"href":"https:\/\/www.morganpark.de\/shop\/wp-json\/wp\/v2\/product\/478","targetHints":{"allow":["GET"]}}],"collection":[{"href":"https:\/\/www.morganpark.de\/shop\/wp-json\/wp\/v2\/product"}],"about":[{"href":"https:\/\/www.morganpark.de\/shop\/wp-json\/wp\/v2\/types\/product"}],"replies":[{"embeddable":true,"href":"https:\/\/www.morganpark.de\/shop\/wp-json\/wp\/v2\/comments?post=478"}],"wp:featuredmedia":[{"embeddable":true,"href":"https:\/\/www.morganpark.de\/shop\/wp-json\/wp\/v2\/media\/479"}],"wp:attachment":[{"href":"https:\/\/www.morganpark.de\/shop\/wp-json\/wp\/v2\/media?parent=478"}],"wp:term":[{"taxonomy":"product_brand","embeddable":true,"href":"https:\/\/www.morganpark.de\/shop\/wp-json\/wp\/v2\/product_brand?post=478"},{"taxonomy":"product_cat","embeddable":true,"href":"https:\/\/www.morganpark.de\/shop\/wp-json\/wp\/v2\/product_cat?post=478"},{"taxonomy":"product_tag","embeddable":true,"href":"https:\/\/www.morganpark.de\/shop\/wp-json\/wp\/v2\/product_tag?post=478"}],"curies":[{"name":"wp","href":"https:\/\/api.w.org\/{rel}","templated":true}]}}