{"id":4974,"date":"2020-06-09T12:56:30","date_gmt":"2020-06-09T10:56:30","guid":{"rendered":"https:\/\/www.morganpark.de\/shop\/?post_type=product&#038;p=4974"},"modified":"2025-06-04T12:49:00","modified_gmt":"2025-06-04T10:49:00","slug":"schluesselanhaenger-weiss-blau","status":"publish","type":"product","link":"https:\/\/www.morganpark.de\/shop\/produkt\/schluesselanhaenger-weiss-blau\/","title":{"rendered":"Schl\u00fcsselanh\u00e4nger wei\u00df\/blau"},"content":{"rendered":"<p>Morgan Schl\u00fcsselanh\u00e4nger mit blauer Morgan Schwinge auf wei\u00dfem Hintergrund. <\/p>\n<p><em>Bei diesem Artikel handelt es sich um Original Morgan Zubeh\u00f6r.<\/em><\/p>\n<p>&nbsp;<\/p>\n","protected":false},"excerpt":{"rendered":"<p>Morgan Schl\u00fcsselanh\u00e4nger mit blauer Morgan Schwinge auf wei\u00dfem Hintergrund. <\/p>\n<p><em>Bei diesem Artikel handelt es sich um Original Morgan Zubeh\u00f6r.<\/em><\/p>\n<p>&nbsp;<\/p>\n","protected":false},"featured_media":4968,"comment_status":"closed","ping_status":"closed","template":"","meta":[],"product_brand":[],"product_cat":[23,212],"product_tag":[24,77,68],"class_list":{"0":"post-4974","1":"product","2":"type-product","3":"status-publish","4":"has-post-thumbnail","6":"product_cat-accessoires","7":"product_cat-schluesselanhaenger","8":"product_tag-morgan","9":"product_tag-original-morgan","10":"product_tag-schluesselanhaenger","12":"first","13":"outofstock","14":"taxable","15":"shipping-taxable","16":"purchasable","17":"product-type-simple"},"_links":{"self":[{"href":"https:\/\/www.morganpark.de\/shop\/wp-json\/wp\/v2\/product\/4974","targetHints":{"allow":["GET"]}}],"collection":[{"href":"https:\/\/www.morganpark.de\/shop\/wp-json\/wp\/v2\/product"}],"about":[{"href":"https:\/\/www.morganpark.de\/shop\/wp-json\/wp\/v2\/types\/product"}],"replies":[{"embeddable":true,"href":"https:\/\/www.morganpark.de\/shop\/wp-json\/wp\/v2\/comments?post=4974"}],"wp:featuredmedia":[{"embeddable":true,"href":"https:\/\/www.morganpark.de\/shop\/wp-json\/wp\/v2\/media\/4968"}],"wp:attachment":[{"href":"https:\/\/www.morganpark.de\/shop\/wp-json\/wp\/v2\/media?parent=4974"}],"wp:term":[{"taxonomy":"product_brand","embeddable":true,"href":"https:\/\/www.morganpark.de\/shop\/wp-json\/wp\/v2\/product_brand?post=4974"},{"taxonomy":"product_cat","embeddable":true,"href":"https:\/\/www.morganpark.de\/shop\/wp-json\/wp\/v2\/product_cat?post=4974"},{"taxonomy":"product_tag","embeddable":true,"href":"https:\/\/www.morganpark.de\/shop\/wp-json\/wp\/v2\/product_tag?post=4974"}],"curies":[{"name":"wp","href":"https:\/\/api.w.org\/{rel}","templated":true}]}}