{"id":4987,"date":"2020-06-09T13:54:45","date_gmt":"2020-06-09T11:54:45","guid":{"rendered":"https:\/\/www.morganpark.de\/shop\/?post_type=product&#038;p=4987"},"modified":"2026-05-04T00:18:48","modified_gmt":"2026-05-03T22:18:48","slug":"schluesselanhaenger-2-seater-gruen","status":"publish","type":"product","link":"https:\/\/www.morganpark.de\/shop\/produkt\/schluesselanhaenger-2-seater-gruen\/","title":{"rendered":"Schl\u00fcsselanh\u00e4nger 2-Seater gr\u00fcn"},"content":{"rendered":"<p>Morgan Schl\u00fcsselanh\u00e4nger mit gr\u00fcnem 2-Seater. <\/p>\n<p><em>Bei diesem Artikel handelt es sich um Original Morgan Zubeh\u00f6r.<\/em><\/p>\n<p>&nbsp;<\/p>\n","protected":false},"excerpt":{"rendered":"<p>Morgan Schl\u00fcsselanh\u00e4nger mit gr\u00fcnem 2-Seater. <\/p>\n<p><em>Bei diesem Artikel handelt es sich um Original Morgan Zubeh\u00f6r.<\/em><\/p>\n<p>&nbsp;<\/p>\n","protected":false},"featured_media":27636,"comment_status":"closed","ping_status":"closed","template":"","meta":[],"product_brand":[],"product_cat":[23,212],"product_tag":[24,77,68],"class_list":{"0":"post-4987","1":"product","2":"type-product","3":"status-publish","4":"has-post-thumbnail","6":"product_cat-accessoires","7":"product_cat-schluesselanhaenger","8":"product_tag-morgan","9":"product_tag-original-morgan","10":"product_tag-schluesselanhaenger","12":"first","13":"instock","14":"taxable","15":"shipping-taxable","16":"purchasable","17":"product-type-simple"},"_links":{"self":[{"href":"https:\/\/www.morganpark.de\/shop\/wp-json\/wp\/v2\/product\/4987","targetHints":{"allow":["GET"]}}],"collection":[{"href":"https:\/\/www.morganpark.de\/shop\/wp-json\/wp\/v2\/product"}],"about":[{"href":"https:\/\/www.morganpark.de\/shop\/wp-json\/wp\/v2\/types\/product"}],"replies":[{"embeddable":true,"href":"https:\/\/www.morganpark.de\/shop\/wp-json\/wp\/v2\/comments?post=4987"}],"wp:featuredmedia":[{"embeddable":true,"href":"https:\/\/www.morganpark.de\/shop\/wp-json\/wp\/v2\/media\/27636"}],"wp:attachment":[{"href":"https:\/\/www.morganpark.de\/shop\/wp-json\/wp\/v2\/media?parent=4987"}],"wp:term":[{"taxonomy":"product_brand","embeddable":true,"href":"https:\/\/www.morganpark.de\/shop\/wp-json\/wp\/v2\/product_brand?post=4987"},{"taxonomy":"product_cat","embeddable":true,"href":"https:\/\/www.morganpark.de\/shop\/wp-json\/wp\/v2\/product_cat?post=4987"},{"taxonomy":"product_tag","embeddable":true,"href":"https:\/\/www.morganpark.de\/shop\/wp-json\/wp\/v2\/product_tag?post=4987"}],"curies":[{"name":"wp","href":"https:\/\/api.w.org\/{rel}","templated":true}]}}