{"id":524,"date":"2018-08-07T08:33:17","date_gmt":"2018-08-07T06:33:17","guid":{"rendered":"https:\/\/www.morganpark.de\/shop\/?post_type=product&#038;p=524"},"modified":"2024-12-09T11:11:57","modified_gmt":"2024-12-09T10:11:57","slug":"badge-bar-stossstange","status":"publish","type":"product","link":"https:\/\/www.morganpark.de\/shop\/produkt\/badge-bar-stossstange\/","title":{"rendered":"Badge Bar (Sto\u00dfstange)"},"content":{"rendered":"<p>Badge Bar aus poliertem Edelstahl zur Montage am K\u00fchlergrill passend f\u00fcr traditionelle Morgan Modelle mit montierter vorderer Sto\u00dfstange. Die Breite betr\u00e4gt ca. 43,5 cm. <\/p>\n<p>Die Badge Bar passt auch an traditionelle Morgan Modelle, wenn weder Sto\u00dfstangen noch Werks-Sto\u00dfstangenh\u00f6rner montiert sind. <\/p>\n<p>&nbsp;<\/p>\n<p>&nbsp;<\/p>\n","protected":false},"excerpt":{"rendered":"<p>Badge Bar aus poliertem Edelstahl zur Montage am K\u00fchlergrill passend f\u00fcr traditionelle Morgan Modelle mit montierter vorderer Sto\u00dfstange. Die Breite betr\u00e4gt ca. 43,5 cm. <\/p>\n<p>Die Badge Bar passt auch an traditionelle Morgan Modelle, wenn weder Sto\u00dfstangen noch Werks-Sto\u00dfstangenh\u00f6rner montiert sind. <\/p>\n<p>&nbsp;<\/p>\n<p>&nbsp;<\/p>\n","protected":false},"featured_media":525,"comment_status":"closed","ping_status":"closed","template":"","meta":[],"product_brand":[],"product_cat":[110,107],"product_tag":[114,78,24],"class_list":{"0":"post-524","1":"product","2":"type-product","3":"status-publish","4":"has-post-thumbnail","6":"product_cat-badgebars","7":"product_cat-badges","8":"product_tag-badge-bar","9":"product_tag-edelstahl","10":"product_tag-morgan","12":"first","13":"instock","14":"taxable","15":"shipping-taxable","16":"purchasable","17":"product-type-simple"},"_links":{"self":[{"href":"https:\/\/www.morganpark.de\/shop\/wp-json\/wp\/v2\/product\/524","targetHints":{"allow":["GET"]}}],"collection":[{"href":"https:\/\/www.morganpark.de\/shop\/wp-json\/wp\/v2\/product"}],"about":[{"href":"https:\/\/www.morganpark.de\/shop\/wp-json\/wp\/v2\/types\/product"}],"replies":[{"embeddable":true,"href":"https:\/\/www.morganpark.de\/shop\/wp-json\/wp\/v2\/comments?post=524"}],"wp:featuredmedia":[{"embeddable":true,"href":"https:\/\/www.morganpark.de\/shop\/wp-json\/wp\/v2\/media\/525"}],"wp:attachment":[{"href":"https:\/\/www.morganpark.de\/shop\/wp-json\/wp\/v2\/media?parent=524"}],"wp:term":[{"taxonomy":"product_brand","embeddable":true,"href":"https:\/\/www.morganpark.de\/shop\/wp-json\/wp\/v2\/product_brand?post=524"},{"taxonomy":"product_cat","embeddable":true,"href":"https:\/\/www.morganpark.de\/shop\/wp-json\/wp\/v2\/product_cat?post=524"},{"taxonomy":"product_tag","embeddable":true,"href":"https:\/\/www.morganpark.de\/shop\/wp-json\/wp\/v2\/product_tag?post=524"}],"curies":[{"name":"wp","href":"https:\/\/api.w.org\/{rel}","templated":true}]}}