{"id":548,"date":"2018-08-20T08:43:29","date_gmt":"2018-08-20T06:43:29","guid":{"rendered":"https:\/\/www.morganpark.de\/shop\/?post_type=product&#038;p=548"},"modified":"2023-01-26T18:04:01","modified_gmt":"2023-01-26T17:04:01","slug":"weisses-blinkerglas-vorne","status":"publish","type":"product","link":"https:\/\/www.morganpark.de\/shop\/produkt\/weisses-blinkerglas-vorne\/","title":{"rendered":"Wei\u00dfes Blinkerglas (vorne)"},"content":{"rendered":"<p>Vorderes wei\u00dfes Blinkerglas als h\u00fcbsche Aufwertung zu dem werksseitig montierten orangefarbenem Blinkerglas. Geliefert wird ebenfalls eine gelbe Gl\u00fchbirne.<\/p>\n<p>Der Preis versteht sich als St\u00fcckpreis.<\/p>\n<p><em>Bei diesem Artikel handelt es sich um Original Morgan Zubeh\u00f6r.<\/em><\/p>\n<p>&nbsp;<\/p>\n<p>&nbsp;<\/p>\n","protected":false},"excerpt":{"rendered":"<p>Vorderes wei\u00dfes Blinkerglas als h\u00fcbsche Aufwertung zu dem werksseitig montierten orangefarbenem Blinkerglas. Geliefert wird ebenfalls eine gelbe Gl\u00fchbirne.<\/p>\n<p>Der Preis versteht sich als St\u00fcckpreis.<\/p>\n<p><em>Bei diesem Artikel handelt es sich um Original Morgan Zubeh\u00f6r.<\/em><\/p>\n<p>&nbsp;<\/p>\n<p>&nbsp;<\/p>\n","protected":false},"featured_media":549,"comment_status":"closed","ping_status":"closed","template":"","meta":[],"product_brand":[],"product_cat":[175,59],"product_tag":[122,24,77],"class_list":{"0":"post-548","1":"product","2":"type-product","3":"status-publish","4":"has-post-thumbnail","6":"product_cat-beleuchtung","7":"product_cat-exterieur","8":"product_tag-blinkerglaeser","9":"product_tag-morgan","10":"product_tag-original-morgan","12":"first","13":"instock","14":"taxable","15":"shipping-taxable","16":"purchasable","17":"product-type-simple"},"_links":{"self":[{"href":"https:\/\/www.morganpark.de\/shop\/wp-json\/wp\/v2\/product\/548","targetHints":{"allow":["GET"]}}],"collection":[{"href":"https:\/\/www.morganpark.de\/shop\/wp-json\/wp\/v2\/product"}],"about":[{"href":"https:\/\/www.morganpark.de\/shop\/wp-json\/wp\/v2\/types\/product"}],"replies":[{"embeddable":true,"href":"https:\/\/www.morganpark.de\/shop\/wp-json\/wp\/v2\/comments?post=548"}],"wp:featuredmedia":[{"embeddable":true,"href":"https:\/\/www.morganpark.de\/shop\/wp-json\/wp\/v2\/media\/549"}],"wp:attachment":[{"href":"https:\/\/www.morganpark.de\/shop\/wp-json\/wp\/v2\/media?parent=548"}],"wp:term":[{"taxonomy":"product_brand","embeddable":true,"href":"https:\/\/www.morganpark.de\/shop\/wp-json\/wp\/v2\/product_brand?post=548"},{"taxonomy":"product_cat","embeddable":true,"href":"https:\/\/www.morganpark.de\/shop\/wp-json\/wp\/v2\/product_cat?post=548"},{"taxonomy":"product_tag","embeddable":true,"href":"https:\/\/www.morganpark.de\/shop\/wp-json\/wp\/v2\/product_tag?post=548"}],"curies":[{"name":"wp","href":"https:\/\/api.w.org\/{rel}","templated":true}]}}