{"id":552,"date":"2018-08-20T08:49:19","date_gmt":"2018-08-20T06:49:19","guid":{"rendered":"https:\/\/www.morganpark.de\/shop\/?post_type=product&#038;p=552"},"modified":"2026-03-25T17:57:28","modified_gmt":"2026-03-25T16:57:28","slug":"weisse-klarglas-seitenblinkerglaeser","status":"publish","type":"product","link":"https:\/\/www.morganpark.de\/shop\/produkt\/weisse-klarglas-seitenblinkerglaeser\/","title":{"rendered":"Wei\u00dfe Klarglas Seitenblinkergl\u00e4ser"},"content":{"rendered":"<p>Paar wei\u00dfe Klarglas Seitenblinkergl\u00e4ser als h\u00fcbsche Aufwertung zu den werksseitig montierten orangefarbenen Seitenblinkern. <\/p>\n<p>Geliefert werden ebenfalls zwei gelbe Gl\u00fchbirnen.<br \/>\nDieser Typ Seitenblinker wurde seitens Morgan bis etwa 03\/2017 verbaut.<br \/>\nDie Preisangabe bezieht sich auf ein Paar.<\/p>\n<p>&nbsp;<\/p>\n<p>&nbsp;<\/p>\n","protected":false},"excerpt":{"rendered":"<p>Paar wei\u00dfe Klarglas Seitenblinkergl\u00e4ser als h\u00fcbsche Aufwertung zu den werksseitig montierten orangefarbenen Seitenblinkern. <\/p>\n<p>Geliefert werden ebenfalls zwei gelbe Gl\u00fchbirnen.<br \/> Dieser Typ Seitenblinker wurde seitens Morgan bis etwa 03\/2017 verbaut.<br \/> Die Preisangabe bezieht sich auf ein Paar.<\/p>\n<p>&nbsp;<\/p>\n<p>&nbsp;<\/p>\n","protected":false},"featured_media":8336,"comment_status":"closed","ping_status":"closed","template":"","meta":[],"product_brand":[],"product_cat":[175,59],"product_tag":[24,121],"class_list":{"0":"post-552","1":"product","2":"type-product","3":"status-publish","4":"has-post-thumbnail","6":"product_cat-beleuchtung","7":"product_cat-exterieur","8":"product_tag-morgan","9":"product_tag-seitenblinker","11":"first","12":"instock","13":"taxable","14":"shipping-taxable","15":"purchasable","16":"product-type-simple"},"_links":{"self":[{"href":"https:\/\/www.morganpark.de\/shop\/wp-json\/wp\/v2\/product\/552","targetHints":{"allow":["GET"]}}],"collection":[{"href":"https:\/\/www.morganpark.de\/shop\/wp-json\/wp\/v2\/product"}],"about":[{"href":"https:\/\/www.morganpark.de\/shop\/wp-json\/wp\/v2\/types\/product"}],"replies":[{"embeddable":true,"href":"https:\/\/www.morganpark.de\/shop\/wp-json\/wp\/v2\/comments?post=552"}],"wp:featuredmedia":[{"embeddable":true,"href":"https:\/\/www.morganpark.de\/shop\/wp-json\/wp\/v2\/media\/8336"}],"wp:attachment":[{"href":"https:\/\/www.morganpark.de\/shop\/wp-json\/wp\/v2\/media?parent=552"}],"wp:term":[{"taxonomy":"product_brand","embeddable":true,"href":"https:\/\/www.morganpark.de\/shop\/wp-json\/wp\/v2\/product_brand?post=552"},{"taxonomy":"product_cat","embeddable":true,"href":"https:\/\/www.morganpark.de\/shop\/wp-json\/wp\/v2\/product_cat?post=552"},{"taxonomy":"product_tag","embeddable":true,"href":"https:\/\/www.morganpark.de\/shop\/wp-json\/wp\/v2\/product_tag?post=552"}],"curies":[{"name":"wp","href":"https:\/\/api.w.org\/{rel}","templated":true}]}}