{"id":6947,"date":"2020-08-24T11:23:17","date_gmt":"2020-08-24T09:23:17","guid":{"rendered":"https:\/\/www.morganpark.de\/shop\/?post_type=product&#038;p=6947"},"modified":"2022-12-19T11:15:59","modified_gmt":"2022-12-19T10:15:59","slug":"weisse-led-seitenblinker","status":"publish","type":"product","link":"https:\/\/www.morganpark.de\/shop\/produkt\/weisse-led-seitenblinker\/","title":{"rendered":"Wei\u00dfe LED Seitenblinker (Seite)"},"content":{"rendered":"<p>Paar wei\u00dfe LED Seitenblinker als h\u00fcbsche Aufwertung zu den werksseitig montierten orangefarbenen LED Seitenblinkern. <\/p>\n<p>Orangefarbene LED Seitenblinker wurden seitens Morgan ab etwa 03\/2017 verbaut.<br \/>\nDie Preisangabe bezieht sich auf ein Paar.<br \/>\n<em> Hinweis: In der Regel m\u00fcssen im Rahmen der Montage die Kabel verl\u00e4ngert werden. <\/em><\/p>\n<p>&nbsp;<\/p>\n<p>&nbsp;<\/p>\n","protected":false},"excerpt":{"rendered":"<p>Paar wei\u00dfe LED Seitenblinker als h\u00fcbsche Aufwertung zu den werksseitig montierten orangefarbenen LED Seitenblinkern. <\/p>\n<p>Orangefarbene LED Seitenblinker wurden seitens Morgan ab etwa 03\/2017 verbaut.<br \/> Die Preisangabe bezieht sich auf ein Paar.<br \/> <em> Hinweis: In der Regel m\u00fcssen im Rahmen der Montage die Kabel verl\u00e4ngert werden. <\/em><\/p>\n<p>&nbsp;<\/p>\n<p>&nbsp;<\/p>\n","protected":false},"featured_media":6949,"comment_status":"closed","ping_status":"closed","template":"","meta":[],"product_brand":[],"product_cat":[175,59],"product_tag":[158,24,121],"class_list":{"0":"post-6947","1":"product","2":"type-product","3":"status-publish","4":"has-post-thumbnail","6":"product_cat-beleuchtung","7":"product_cat-exterieur","8":"product_tag-led","9":"product_tag-morgan","10":"product_tag-seitenblinker","12":"first","13":"instock","14":"taxable","15":"shipping-taxable","16":"purchasable","17":"product-type-simple"},"_links":{"self":[{"href":"https:\/\/www.morganpark.de\/shop\/wp-json\/wp\/v2\/product\/6947","targetHints":{"allow":["GET"]}}],"collection":[{"href":"https:\/\/www.morganpark.de\/shop\/wp-json\/wp\/v2\/product"}],"about":[{"href":"https:\/\/www.morganpark.de\/shop\/wp-json\/wp\/v2\/types\/product"}],"replies":[{"embeddable":true,"href":"https:\/\/www.morganpark.de\/shop\/wp-json\/wp\/v2\/comments?post=6947"}],"wp:featuredmedia":[{"embeddable":true,"href":"https:\/\/www.morganpark.de\/shop\/wp-json\/wp\/v2\/media\/6949"}],"wp:attachment":[{"href":"https:\/\/www.morganpark.de\/shop\/wp-json\/wp\/v2\/media?parent=6947"}],"wp:term":[{"taxonomy":"product_brand","embeddable":true,"href":"https:\/\/www.morganpark.de\/shop\/wp-json\/wp\/v2\/product_brand?post=6947"},{"taxonomy":"product_cat","embeddable":true,"href":"https:\/\/www.morganpark.de\/shop\/wp-json\/wp\/v2\/product_cat?post=6947"},{"taxonomy":"product_tag","embeddable":true,"href":"https:\/\/www.morganpark.de\/shop\/wp-json\/wp\/v2\/product_tag?post=6947"}],"curies":[{"name":"wp","href":"https:\/\/api.w.org\/{rel}","templated":true}]}}