{"id":714,"date":"2019-07-23T11:44:36","date_gmt":"2019-07-23T09:44:36","guid":{"rendered":"https:\/\/www.morganpark.de\/shop\/?post_type=product&#038;p=714"},"modified":"2025-07-09T11:12:06","modified_gmt":"2025-07-09T09:12:06","slug":"morgan-socken-gruen","status":"publish","type":"product","link":"https:\/\/www.morganpark.de\/shop\/produkt\/morgan-socken-gruen\/","title":{"rendered":"Morgan Herren Socken (gr\u00fcn)"},"content":{"rendered":"<p>Morgan Socken Herren Socken gr\u00fcn. Das Pack beinhaltet ein Paar Socken (= zwei einzelne Socken).<\/p>\n<p>UK Gr\u00f6\u00dfe 7-11 (enspricht ca. Gr\u00f6\u00dfe 41-46). Material: 76% Baumwolle, 23% Nylon, 1% Elastan.<\/p>\n<p><em>Bei diesem Artikel handelt es sich um Original Morgan Zubeh\u00f6r.<\/em><\/p>\n<p>&nbsp;<\/p>\n<p>&nbsp;<\/p>\n","protected":false},"excerpt":{"rendered":"<p>Morgan Socken Herren Socken gr\u00fcn. Das Pack beinhaltet ein Paar Socken (= zwei einzelne Socken).<\/p>\n<p>UK Gr\u00f6\u00dfe 7-11 (enspricht ca. Gr\u00f6\u00dfe 41-46). Material: 76% Baumwolle, 23% Nylon, 1% Elastan.<\/p>\n<p><em>Bei diesem Artikel handelt es sich um Original Morgan Zubeh\u00f6r.<\/em><\/p>\n<p>&nbsp;<\/p>\n<p>&nbsp;<\/p>\n","protected":false},"featured_media":33562,"comment_status":"closed","ping_status":"closed","template":"","meta":[],"product_brand":[],"product_cat":[22,167],"product_tag":[24,77,124],"class_list":{"0":"post-714","1":"product","2":"type-product","3":"status-publish","4":"has-post-thumbnail","6":"product_cat-bekleidung","7":"product_cat-socken","8":"product_tag-morgan","9":"product_tag-original-morgan","10":"product_tag-socken","12":"first","13":"outofstock","14":"taxable","15":"shipping-taxable","16":"purchasable","17":"product-type-simple"},"_links":{"self":[{"href":"https:\/\/www.morganpark.de\/shop\/wp-json\/wp\/v2\/product\/714","targetHints":{"allow":["GET"]}}],"collection":[{"href":"https:\/\/www.morganpark.de\/shop\/wp-json\/wp\/v2\/product"}],"about":[{"href":"https:\/\/www.morganpark.de\/shop\/wp-json\/wp\/v2\/types\/product"}],"replies":[{"embeddable":true,"href":"https:\/\/www.morganpark.de\/shop\/wp-json\/wp\/v2\/comments?post=714"}],"wp:featuredmedia":[{"embeddable":true,"href":"https:\/\/www.morganpark.de\/shop\/wp-json\/wp\/v2\/media\/33562"}],"wp:attachment":[{"href":"https:\/\/www.morganpark.de\/shop\/wp-json\/wp\/v2\/media?parent=714"}],"wp:term":[{"taxonomy":"product_brand","embeddable":true,"href":"https:\/\/www.morganpark.de\/shop\/wp-json\/wp\/v2\/product_brand?post=714"},{"taxonomy":"product_cat","embeddable":true,"href":"https:\/\/www.morganpark.de\/shop\/wp-json\/wp\/v2\/product_cat?post=714"},{"taxonomy":"product_tag","embeddable":true,"href":"https:\/\/www.morganpark.de\/shop\/wp-json\/wp\/v2\/product_tag?post=714"}],"curies":[{"name":"wp","href":"https:\/\/api.w.org\/{rel}","templated":true}]}}