{"id":9289,"date":"2020-11-13T15:18:12","date_gmt":"2020-11-13T14:18:12","guid":{"rendered":"https:\/\/www.morganpark.de\/shop\/?post_type=product&#038;p=9289"},"modified":"2022-12-19T11:13:02","modified_gmt":"2022-12-19T10:13:02","slug":"lenksaeulenverkleidung-edelstahl-rhd-1968-1976","status":"publish","type":"product","link":"https:\/\/www.morganpark.de\/shop\/produkt\/lenksaeulenverkleidung-edelstahl-rhd-1968-1976\/","title":{"rendered":"Lenks\u00e4ulenverkleidung Edelstahl RHD 1968-1976"},"content":{"rendered":"<p>Polierte Edelstahl Lenks\u00e4ulenverkleidung f\u00fcr rechtsgelenkte Fahrzeuge der Baujahre 1968-1976. <\/p>\n<p>&nbsp;<\/p>\n<p>&nbsp;<\/p>\n","protected":false},"excerpt":{"rendered":"<p>Polierte Edelstahl Lenks\u00e4ulenverkleidung f\u00fcr rechtsgelenkte Fahrzeuge der Baujahre 1968-1976. <\/p>\n<p>&nbsp;<\/p>\n<p>&nbsp;<\/p>\n","protected":false},"featured_media":9288,"comment_status":"closed","ping_status":"closed","template":"","meta":[],"product_brand":[],"product_cat":[238,256],"product_tag":[241,24],"class_list":{"0":"post-9289","1":"product","2":"type-product","3":"status-publish","4":"has-post-thumbnail","6":"product_cat-lenkraeder-zubehoer","7":"product_cat-lenksaeulenverkleidungen","8":"product_tag-lenksaeulenverkleidung","9":"product_tag-morgan","11":"first","12":"instock","13":"taxable","14":"shipping-taxable","15":"purchasable","16":"product-type-simple"},"_links":{"self":[{"href":"https:\/\/www.morganpark.de\/shop\/wp-json\/wp\/v2\/product\/9289","targetHints":{"allow":["GET"]}}],"collection":[{"href":"https:\/\/www.morganpark.de\/shop\/wp-json\/wp\/v2\/product"}],"about":[{"href":"https:\/\/www.morganpark.de\/shop\/wp-json\/wp\/v2\/types\/product"}],"replies":[{"embeddable":true,"href":"https:\/\/www.morganpark.de\/shop\/wp-json\/wp\/v2\/comments?post=9289"}],"wp:featuredmedia":[{"embeddable":true,"href":"https:\/\/www.morganpark.de\/shop\/wp-json\/wp\/v2\/media\/9288"}],"wp:attachment":[{"href":"https:\/\/www.morganpark.de\/shop\/wp-json\/wp\/v2\/media?parent=9289"}],"wp:term":[{"taxonomy":"product_brand","embeddable":true,"href":"https:\/\/www.morganpark.de\/shop\/wp-json\/wp\/v2\/product_brand?post=9289"},{"taxonomy":"product_cat","embeddable":true,"href":"https:\/\/www.morganpark.de\/shop\/wp-json\/wp\/v2\/product_cat?post=9289"},{"taxonomy":"product_tag","embeddable":true,"href":"https:\/\/www.morganpark.de\/shop\/wp-json\/wp\/v2\/product_tag?post=9289"}],"curies":[{"name":"wp","href":"https:\/\/api.w.org\/{rel}","templated":true}]}}